{"id":3107,"date":"2023-06-26T15:17:17","date_gmt":"2023-06-26T18:17:17","guid":{"rendered":"http:\/\/testemangue.com.br\/valber\/expressolog\/?page_id=3107"},"modified":"2025-07-21T16:50:57","modified_gmt":"2025-07-21T19:50:57","slug":"tecnologia-da-informacao","status":"publish","type":"page","link":"https:\/\/expressologtransportes.com.br\/en\/tecnologia-da-informacao\/","title":{"rendered":"Tecnologia da Informa\u00e7\u00e3o"},"content":{"rendered":"<div data-elementor-type=\"wp-page\" data-elementor-id=\"3107\" class=\"elementor elementor-3107\">\n\t\t\t\t\t\t<section class=\"elementor-section elementor-top-section elementor-element elementor-element-cc38765 elementor-section-content-middle elementor-section-boxed elementor-section-height-default elementor-section-height-default\" data-id=\"cc38765\" data-element_type=\"section\">\n\t\t\t\t\t\t<div class=\"elementor-container elementor-column-gap-wide\">\n\t\t\t\t\t<div class=\"elementor-column elementor-col-50 elementor-top-column elementor-element elementor-element-73a737c\" data-id=\"73a737c\" data-element_type=\"column\">\n\t\t\t<div class=\"elementor-widget-wrap elementor-element-populated\">\n\t\t\t\t\t\t<div class=\"elementor-element elementor-element-3284863 elementor-widget elementor-widget-image\" data-id=\"3284863\" data-element_type=\"widget\" data-widget_type=\"image.default\">\n\t\t\t\t<div class=\"elementor-widget-container\">\n\t\t\t\t\t\t\t\t\t\t\t\t\t<img fetchpriority=\"high\" decoding=\"async\" width=\"1920\" height=\"1280\" src=\"https:\/\/expressologtransportes.com.br\/wp-content\/uploads\/2021\/12\/Bloco1-slides-1920px.jpg\" class=\"attachment-full size-full wp-image-2645\" alt=\"\" srcset=\"https:\/\/expressologtransportes.com.br\/wp-content\/uploads\/2021\/12\/Bloco1-slides-1920px.jpg 1920w, https:\/\/expressologtransportes.com.br\/wp-content\/uploads\/2021\/12\/Bloco1-slides-1920px-300x200.jpg 300w, https:\/\/expressologtransportes.com.br\/wp-content\/uploads\/2021\/12\/Bloco1-slides-1920px-1024x683.jpg 1024w, https:\/\/expressologtransportes.com.br\/wp-content\/uploads\/2021\/12\/Bloco1-slides-1920px-768x512.jpg 768w, https:\/\/expressologtransportes.com.br\/wp-content\/uploads\/2021\/12\/Bloco1-slides-1920px-1536x1024.jpg 1536w\" sizes=\"(max-width: 1920px) 100vw, 1920px\" \/>\t\t\t\t\t\t\t\t\t\t\t\t\t<\/div>\n\t\t\t\t<\/div>\n\t\t\t\t\t<\/div>\n\t\t<\/div>\n\t\t\t\t<div class=\"elementor-column elementor-col-50 elementor-top-column elementor-element elementor-element-2c7d10b\" data-id=\"2c7d10b\" data-element_type=\"column\">\n\t\t\t<div class=\"elementor-widget-wrap elementor-element-populated\">\n\t\t\t\t\t\t<div class=\"elementor-element elementor-element-fb127e9 elementor-widget elementor-widget-heading bdevs-el heading\" data-id=\"fb127e9\" data-element_type=\"widget\" data-settings=\"{&quot;design_style&quot;:&quot;style_1&quot;}\" data-widget_type=\"heading.default\">\n\t\t\t\t<div class=\"elementor-widget-container\">\n\t\t\t\n        \n                            <div class=\"section-title-wrapper section-title-pl-55 bdevs-el-content\">\n                                        <h2 class=\"section-title bdevs-el-title  bdevs-el-btn\">Seguran\u00e7a total na sua Log\u00edstica<\/h2>                                        <p>Gerenciamos e monitoramos sua carga em tempo real, contando com uma tecnologia aplicada onde voc\u00ea receber\u00e1 avisos de previs\u00e3o e finaliza\u00e7\u00e3o de entregas, monitoramento em tempo real do ve\u00edculo, garantindo mais seguran\u00e7a e confiabilidade em toda a sua opera\u00e7\u00e3o log\u00edstica. <\/p>\n                                    <\/div>\n\n                    \n        \t\t<\/div>\n\t\t\t\t<\/div>\n\t\t\t\t\t<\/div>\n\t\t<\/div>\n\t\t\t\t\t<\/div>\n\t\t<\/section>\n\t\t\t\t<section class=\"elementor-section elementor-top-section elementor-element elementor-element-07ce34a elementor-section-content-top elementor-section-boxed elementor-section-height-default elementor-section-height-default\" data-id=\"07ce34a\" data-element_type=\"section\" data-settings=\"{&quot;background_background&quot;:&quot;classic&quot;}\">\n\t\t\t\t\t\t\t<div class=\"elementor-background-overlay\"><\/div>\n\t\t\t\t\t\t\t<div class=\"elementor-container elementor-column-gap-default\">\n\t\t\t\t\t<div class=\"elementor-column elementor-col-50 elementor-top-column elementor-element elementor-element-fcef002\" data-id=\"fcef002\" data-element_type=\"column\">\n\t\t\t<div class=\"elementor-widget-wrap elementor-element-populated\">\n\t\t\t\t\t\t<div class=\"elementor-element elementor-element-0463a3f elementor-widget elementor-widget-heading bdevs-el heading\" data-id=\"0463a3f\" data-element_type=\"widget\" data-settings=\"{&quot;design_style&quot;:&quot;style_5&quot;}\" data-widget_type=\"heading.default\">\n\t\t\t\t<div class=\"elementor-widget-container\">\n\t\t\t\n                            \n            <div class=\"section-title-wrapper-2 back-title-color bdevs-el-content extra_section-title-pt-2\">\n                <div class=\"section-title text-center\">\n                                        <h2 class=\"section-title bdevs-el-title  bdevs-el-btn\">Venha para a Expresso Log<\/h2>                                    <\/div>\n                                   <p>Seja voc\u00ea tamb\u00e9m um dos nossos Clientes <\/p>\n                            <\/div>\n\n\n           \n        \t\t<\/div>\n\t\t\t\t<\/div>\n\t\t\t\t<div class=\"elementor-element elementor-element-c131b87 bwdcf7-contact-form-cf7-style-underline bwd-cf7-button-center bwdcf-grid-coltwo bwdcf-radio-layout-inline bwdcf-checkbox-layout-inline elementor-widget elementor-widget-bwbcf-contact\" data-id=\"c131b87\" data-element_type=\"widget\" data-widget_type=\"bwbcf-contact.default\">\n\t\t\t\t<div class=\"elementor-widget-container\">\n\t\t\t<div class=\"bwdcf7-wrapper\" ><div class=\"bwdcf7-form\">\n<div class=\"wpcf7 no-js\" id=\"wpcf7-f676-o1\" lang=\"en-US\" dir=\"ltr\" data-wpcf7-id=\"676\">\n<div class=\"screen-reader-response\"><p role=\"status\" aria-live=\"polite\" aria-atomic=\"true\"><\/p> <ul><\/ul><\/div>\n<form action=\"\/en\/wp-json\/wp\/v2\/pages\/3107#wpcf7-f676-o1\" method=\"post\" class=\"wpcf7-form init\" aria-label=\"Contact form\" novalidate=\"novalidate\" data-status=\"init\" data-trp-original-action=\"\/en\/wp-json\/wp\/v2\/pages\/3107#wpcf7-f676-o1\">\n<fieldset class=\"hidden-fields-container\"><input type=\"hidden\" name=\"_wpcf7\" value=\"676\" \/><input type=\"hidden\" name=\"_wpcf7_version\" value=\"6.1.1\" \/><input type=\"hidden\" name=\"_wpcf7_locale\" value=\"en_US\" \/><input type=\"hidden\" name=\"_wpcf7_unit_tag\" value=\"wpcf7-f676-o1\" \/><input type=\"hidden\" name=\"_wpcf7_container_post\" value=\"0\" \/><input type=\"hidden\" name=\"_wpcf7_posted_data_hash\" value=\"\" \/><input type=\"hidden\" name=\"_wpcf7_recaptcha_response\" value=\"\" \/>\n<\/fieldset>\n<div class=\"row\">\n\t<div class=\"col-lg-4\">\n\t\t<p><span class=\"wpcf7-form-control-wrap\" data-name=\"your-name\"><input size=\"40\" maxlength=\"400\" class=\"wpcf7-form-control wpcf7-text\" aria-invalid=\"false\" placeholder=\"Nome\" value=\"\" type=\"text\" name=\"your-name\" \/><\/span>\n\t\t<\/p>\n\t<\/div>\n\t<div class=\"col-lg-4\">\n\t\t<p><span class=\"wpcf7-form-control-wrap\" data-name=\"telefone\"><input size=\"40\" maxlength=\"400\" class=\"wpcf7-form-control wpcf7-text\" aria-invalid=\"false\" placeholder=\"Telefone\" value=\"\" type=\"text\" name=\"telefone\" \/><\/span>\n\t\t<\/p>\n\t<\/div>\n\t<div class=\"col-lg-4\">\n\t\t<p><span class=\"wpcf7-form-control-wrap\" data-name=\"your-email\"><input size=\"40\" maxlength=\"400\" class=\"wpcf7-form-control wpcf7-email wpcf7-text wpcf7-validates-as-email\" aria-invalid=\"false\" placeholder=\"E-mail\" value=\"\" type=\"email\" name=\"your-email\" \/><\/span>\n\t\t<\/p>\n\t<\/div>\n\t<div class=\"col-lg-12\">\n\t\t<p><span class=\"wpcf7-form-control-wrap\" data-name=\"your-message\"><textarea cols=\"40\" rows=\"10\" maxlength=\"2000\" class=\"wpcf7-form-control wpcf7-textarea message\" id=\"message\" aria-invalid=\"false\" placeholder=\"Mensagem\" name=\"your-message\"><\/textarea><\/span>\n\t\t<\/p>\n\t<\/div>\n\t<div class=\"col-lg-12 text-center\">\n\t\t<p><input class=\"wpcf7-form-control wpcf7-submit has-spinner shutter-btn\" type=\"submit\" value=\"Enviar\" \/>\n\t\t<\/p>\n\t<\/div>\n<\/div><p style=\"display: none !important;\" class=\"akismet-fields-container\" data-prefix=\"_wpcf7_ak_\"><label>&#916;<textarea name=\"_wpcf7_ak_hp_textarea\" cols=\"45\" rows=\"8\" maxlength=\"100\"><\/textarea><\/label><input type=\"hidden\" id=\"ak_js_1\" name=\"_wpcf7_ak_js\" value=\"23\"\/><script type=\"text\/javascript\">\n\/* <![CDATA[ *\/\ndocument.getElementById( \"ak_js_1\" ).setAttribute( \"value\", ( new Date() ).getTime() );\n\/* ]]> *\/\n<\/script>\n<\/p><div class=\"wpcf7-response-output\" aria-hidden=\"true\"><\/div>\n<input type=\"hidden\" name=\"trp-form-language\" value=\"en\"\/><\/form>\n<\/div>\n<\/div><\/div>\t\t<\/div>\n\t\t\t\t<\/div>\n\t\t\t\t\t<\/div>\n\t\t<\/div>\n\t\t\t\t<div class=\"elementor-column elementor-col-50 elementor-top-column elementor-element elementor-element-c21d460\" data-id=\"c21d460\" data-element_type=\"column\">\n\t\t\t<div class=\"elementor-widget-wrap elementor-element-populated\">\n\t\t\t\t\t\t<section class=\"elementor-section elementor-inner-section elementor-element elementor-element-93aef92 elementor-section-boxed elementor-section-height-default elementor-section-height-default\" data-id=\"93aef92\" data-element_type=\"section\">\n\t\t\t\t\t\t<div class=\"elementor-container elementor-column-gap-default\">\n\t\t\t\t\t<div class=\"elementor-column elementor-col-50 elementor-inner-column elementor-element elementor-element-8dbe85b\" data-id=\"8dbe85b\" data-element_type=\"column\">\n\t\t\t<div class=\"elementor-widget-wrap elementor-element-populated\">\n\t\t\t\t\t\t<div class=\"elementor-element elementor-element-9de3db0 elementor-view-default elementor-position-top elementor-mobile-position-top elementor-widget elementor-widget-icon-box\" data-id=\"9de3db0\" data-element_type=\"widget\" data-widget_type=\"icon-box.default\">\n\t\t\t\t<div class=\"elementor-widget-container\">\n\t\t\t\t\t<div class=\"elementor-icon-box-wrapper\">\n\n\t\t\t\t\t\t<div class=\"elementor-icon-box-icon\">\n\t\t\t\t<a href=\"tel:3538262525\" target=\"_blank\" class=\"elementor-icon elementor-animation-\" tabindex=\"-1\">\n\t\t\t\t<i aria-hidden=\"true\" class=\"fas fa-phone-alt\"><\/i>\t\t\t\t<\/a>\n\t\t\t<\/div>\n\t\t\t\n\t\t\t\t\t\t<div class=\"elementor-icon-box-content\">\n\n\t\t\t\t\t\t\t\t\t<h3 class=\"elementor-icon-box-title\">\n\t\t\t\t\t\t<a href=\"tel:3538262525\" target=\"_blank\" >\n\t\t\t\t\t\t\tTELEFONE\t\t\t\t\t\t<\/a>\n\t\t\t\t\t<\/h3>\n\t\t\t\t\n\t\t\t\t\t\t\t\t\t<p class=\"elementor-icon-box-description\">\n\t\t\t\t\t\t(35) 3826-2525\t\t\t\t\t<\/p>\n\t\t\t\t\n\t\t\t<\/div>\n\t\t\t\n\t\t<\/div>\n\t\t\t\t<\/div>\n\t\t\t\t<\/div>\n\t\t\t\t\t<\/div>\n\t\t<\/div>\n\t\t\t\t<div class=\"elementor-column elementor-col-50 elementor-inner-column elementor-element elementor-element-5168fa8\" data-id=\"5168fa8\" data-element_type=\"column\">\n\t\t\t<div class=\"elementor-widget-wrap elementor-element-populated\">\n\t\t\t\t\t\t<div class=\"elementor-element elementor-element-9b17298 elementor-view-default elementor-position-top elementor-mobile-position-top elementor-widget elementor-widget-icon-box\" data-id=\"9b17298\" data-element_type=\"widget\" data-widget_type=\"icon-box.default\">\n\t\t\t\t<div class=\"elementor-widget-container\">\n\t\t\t\t\t<div class=\"elementor-icon-box-wrapper\">\n\n\t\t\t\t\t\t<div class=\"elementor-icon-box-icon\">\n\t\t\t\t<a href=\"https:\/\/api.whatsapp.com\/send?phone=5535991913282&#038;text=Ol%C3%A1,%20gostaria%20de%20falar%20com%20a%20Expresso%20Log\" target=\"_blank\" class=\"elementor-icon elementor-animation-\" tabindex=\"-1\">\n\t\t\t\t<i aria-hidden=\"true\" class=\"fab fa-whatsapp\"><\/i>\t\t\t\t<\/a>\n\t\t\t<\/div>\n\t\t\t\n\t\t\t\t\t\t<div class=\"elementor-icon-box-content\">\n\n\t\t\t\t\t\t\t\t\t<h3 class=\"elementor-icon-box-title\">\n\t\t\t\t\t\t<a href=\"https:\/\/api.whatsapp.com\/send?phone=5535991913282&#038;text=Ol%C3%A1,%20gostaria%20de%20falar%20com%20a%20Expresso%20Log\" target=\"_blank\" >\n\t\t\t\t\t\t\tWHATSAPP\t\t\t\t\t\t<\/a>\n\t\t\t\t\t<\/h3>\n\t\t\t\t\n\t\t\t\t\t\t\t\t\t<p class=\"elementor-icon-box-description\">\n\t\t\t\t\t\t(35) 99191-3282\t\t\t\t\t<\/p>\n\t\t\t\t\n\t\t\t<\/div>\n\t\t\t\n\t\t<\/div>\n\t\t\t\t<\/div>\n\t\t\t\t<\/div>\n\t\t\t\t\t<\/div>\n\t\t<\/div>\n\t\t\t\t\t<\/div>\n\t\t<\/section>\n\t\t\t\t<section class=\"elementor-section elementor-inner-section elementor-element elementor-element-1bf1f01 elementor-section-boxed elementor-section-height-default elementor-section-height-default\" data-id=\"1bf1f01\" data-element_type=\"section\">\n\t\t\t\t\t\t<div class=\"elementor-container elementor-column-gap-default\">\n\t\t\t\t\t<div class=\"elementor-column elementor-col-50 elementor-inner-column elementor-element elementor-element-084428a\" data-id=\"084428a\" data-element_type=\"column\">\n\t\t\t<div class=\"elementor-widget-wrap elementor-element-populated\">\n\t\t\t\t\t\t<div class=\"elementor-element elementor-element-190eb34 elementor-view-default elementor-position-top elementor-mobile-position-top elementor-widget elementor-widget-icon-box\" data-id=\"190eb34\" data-element_type=\"widget\" data-widget_type=\"icon-box.default\">\n\t\t\t\t<div class=\"elementor-widget-container\">\n\t\t\t\t\t<div class=\"elementor-icon-box-wrapper\">\n\n\t\t\t\t\t\t<div class=\"elementor-icon-box-icon\">\n\t\t\t\t<a href=\"mailto:contato@expressologtransportes.com.br\" target=\"_blank\" class=\"elementor-icon elementor-animation-\" tabindex=\"-1\">\n\t\t\t\t<i aria-hidden=\"true\" class=\"fas fa-envelope\"><\/i>\t\t\t\t<\/a>\n\t\t\t<\/div>\n\t\t\t\n\t\t\t\t\t\t<div class=\"elementor-icon-box-content\">\n\n\t\t\t\t\t\t\t\t\t<h3 class=\"elementor-icon-box-title\">\n\t\t\t\t\t\t<a href=\"mailto:contato@expressologtransportes.com.br\" target=\"_blank\" >\n\t\t\t\t\t\t\tE-MAIL\t\t\t\t\t\t<\/a>\n\t\t\t\t\t<\/h3>\n\t\t\t\t\n\t\t\t\t\t\t\t\t\t<p class=\"elementor-icon-box-description\">\n\t\t\t\t\t\tcontato@expressologtransportes.com.br\n\n\t\t\t\t\t<\/p>\n\t\t\t\t\n\t\t\t<\/div>\n\t\t\t\n\t\t<\/div>\n\t\t\t\t<\/div>\n\t\t\t\t<\/div>\n\t\t\t\t\t<\/div>\n\t\t<\/div>\n\t\t\t\t<div class=\"elementor-column elementor-col-50 elementor-inner-column elementor-element elementor-element-b8519ce\" data-id=\"b8519ce\" data-element_type=\"column\">\n\t\t\t<div class=\"elementor-widget-wrap elementor-element-populated\">\n\t\t\t\t\t\t<div class=\"elementor-element elementor-element-ea8c052 elementor-view-default elementor-position-top elementor-mobile-position-top elementor-widget elementor-widget-icon-box\" data-id=\"ea8c052\" data-element_type=\"widget\" data-widget_type=\"icon-box.default\">\n\t\t\t\t<div class=\"elementor-widget-container\">\n\t\t\t\t\t<div class=\"elementor-icon-box-wrapper\">\n\n\t\t\t\t\t\t<div class=\"elementor-icon-box-icon\">\n\t\t\t\t<span  class=\"elementor-icon elementor-animation-\">\n\t\t\t\t<i aria-hidden=\"true\" class=\"fas fa-map-marker-alt\"><\/i>\t\t\t\t<\/span>\n\t\t\t<\/div>\n\t\t\t\n\t\t\t\t\t\t<div class=\"elementor-icon-box-content\">\n\n\t\t\t\t\t\t\t\t\t<h3 class=\"elementor-icon-box-title\">\n\t\t\t\t\t\t<span  >\n\t\t\t\t\t\t\tENDERE\u00c7O\t\t\t\t\t\t<\/span>\n\t\t\t\t\t<\/h3>\n\t\t\t\t\n\t\t\t\t\t\t\t\t\t<p class=\"elementor-icon-box-description\">\n\t\t\t\t\t\tRua Manoel Galdino Irm\u00e3o, n\u00b0 140, Santa Cruz, Lavras - MG. CEP: 37205447\t\t\t\t\t<\/p>\n\t\t\t\t\n\t\t\t<\/div>\n\t\t\t\n\t\t<\/div>\n\t\t\t\t<\/div>\n\t\t\t\t<\/div>\n\t\t\t\t\t<\/div>\n\t\t<\/div>\n\t\t\t\t\t<\/div>\n\t\t<\/section>\n\t\t\t\t\t<\/div>\n\t\t<\/div>\n\t\t\t\t\t<\/div>\n\t\t<\/section>\n\t\t\t\t<\/div>","protected":false},"excerpt":{"rendered":"<p>Seguran\u00e7a total na sua Log\u00edstica Gerenciamos e monitoramos sua carga em tempo real, contando com uma tecnologia aplicada onde voc\u00ea receber\u00e1 avisos de previs\u00e3o e finaliza\u00e7\u00e3o de entregas, monitoramento em tempo real do ve\u00edculo, garantindo mais seguran\u00e7a e confiabilidade em toda a sua opera\u00e7\u00e3o log\u00edstica. Venha para a Expresso Log Seja voc\u00ea tamb\u00e9m um dos [&hellip;]<\/p>","protected":false},"author":1,"featured_media":0,"parent":0,"menu_order":0,"comment_status":"closed","ping_status":"closed","template":"elementor_header_footer","meta":{"_acf_changed":false,"footnotes":""},"class_list":["post-3107","page","type-page","status-publish","hentry"],"acf":[],"yoast_head":"<!-- This site is optimized with the Yoast SEO plugin v27.5 - https:\/\/yoast.com\/product\/yoast-seo-wordpress\/ -->\n<title>Tecnologia da Informa\u00e7\u00e3o - Expresso Log<\/title>\n<meta name=\"description\" content=\"Nossa prioridade \u00e9 a excel\u00eancia no atendimento ao cliente oferecendo um atendimento personalizado com opera\u00e7\u00e3o full time\" \/>\n<meta name=\"robots\" content=\"index, follow, max-snippet:-1, max-image-preview:large, max-video-preview:-1\" \/>\n<link rel=\"canonical\" href=\"https:\/\/expressologtransportes.com.br\/en\/tecnologia-da-informacao\/\" \/>\n<meta property=\"og:locale\" content=\"en_US\" \/>\n<meta property=\"og:type\" content=\"article\" \/>\n<meta property=\"og:title\" content=\"Tecnologia da Informa\u00e7\u00e3o - Expresso Log\" \/>\n<meta property=\"og:description\" content=\"Nossa prioridade \u00e9 a excel\u00eancia no atendimento ao cliente oferecendo um atendimento personalizado com opera\u00e7\u00e3o full time\" \/>\n<meta property=\"og:url\" content=\"https:\/\/expressologtransportes.com.br\/en\/tecnologia-da-informacao\/\" \/>\n<meta property=\"og:site_name\" content=\"Expresso Log\" \/>\n<meta property=\"article:modified_time\" content=\"2025-07-21T19:50:57+00:00\" \/>\n<meta property=\"og:image\" content=\"https:\/\/expressologtransportes.com.br\/wp-content\/uploads\/2021\/12\/Bloco1-slides-1920px.jpg\" \/>\n\t<meta property=\"og:image:width\" content=\"1920\" \/>\n\t<meta property=\"og:image:height\" content=\"1280\" \/>\n\t<meta property=\"og:image:type\" content=\"image\/jpeg\" \/>\n<meta name=\"twitter:card\" content=\"summary_large_image\" \/>\n<meta name=\"twitter:label1\" content=\"Est. reading time\" \/>\n\t<meta name=\"twitter:data1\" content=\"1 minute\" \/>\n<script type=\"application\/ld+json\" class=\"yoast-schema-graph\">{\"@context\":\"https:\\\/\\\/schema.org\",\"@graph\":[{\"@type\":\"WebPage\",\"@id\":\"https:\\\/\\\/expressologtransportes.com.br\\\/tecnologia-da-informacao\\\/\",\"url\":\"https:\\\/\\\/expressologtransportes.com.br\\\/tecnologia-da-informacao\\\/\",\"name\":\"Tecnologia da Informa\u00e7\u00e3o - Expresso Log\",\"isPartOf\":{\"@id\":\"https:\\\/\\\/expressologtransportes.com.br\\\/#website\"},\"primaryImageOfPage\":{\"@id\":\"https:\\\/\\\/expressologtransportes.com.br\\\/tecnologia-da-informacao\\\/#primaryimage\"},\"image\":{\"@id\":\"https:\\\/\\\/expressologtransportes.com.br\\\/tecnologia-da-informacao\\\/#primaryimage\"},\"thumbnailUrl\":\"https:\\\/\\\/expressologtransportes.com.br\\\/wp-content\\\/uploads\\\/2021\\\/12\\\/Bloco1-slides-1920px.jpg\",\"datePublished\":\"2023-06-26T18:17:17+00:00\",\"dateModified\":\"2025-07-21T19:50:57+00:00\",\"description\":\"Nossa prioridade \u00e9 a excel\u00eancia no atendimento ao cliente oferecendo um atendimento personalizado com opera\u00e7\u00e3o full time\",\"breadcrumb\":{\"@id\":\"https:\\\/\\\/expressologtransportes.com.br\\\/tecnologia-da-informacao\\\/#breadcrumb\"},\"inLanguage\":\"en-US\",\"potentialAction\":[{\"@type\":\"ReadAction\",\"target\":[\"https:\\\/\\\/expressologtransportes.com.br\\\/tecnologia-da-informacao\\\/\"]}]},{\"@type\":\"ImageObject\",\"inLanguage\":\"en-US\",\"@id\":\"https:\\\/\\\/expressologtransportes.com.br\\\/tecnologia-da-informacao\\\/#primaryimage\",\"url\":\"https:\\\/\\\/expressologtransportes.com.br\\\/wp-content\\\/uploads\\\/2021\\\/12\\\/Bloco1-slides-1920px.jpg\",\"contentUrl\":\"https:\\\/\\\/expressologtransportes.com.br\\\/wp-content\\\/uploads\\\/2021\\\/12\\\/Bloco1-slides-1920px.jpg\"},{\"@type\":\"BreadcrumbList\",\"@id\":\"https:\\\/\\\/expressologtransportes.com.br\\\/tecnologia-da-informacao\\\/#breadcrumb\",\"itemListElement\":[{\"@type\":\"ListItem\",\"position\":1,\"name\":\"In\u00edcio\",\"item\":\"https:\\\/\\\/expressologtransportes.com.br\\\/\"},{\"@type\":\"ListItem\",\"position\":2,\"name\":\"Tecnologia da Informa\u00e7\u00e3o\"}]},{\"@type\":\"WebSite\",\"@id\":\"https:\\\/\\\/expressologtransportes.com.br\\\/#website\",\"url\":\"https:\\\/\\\/expressologtransportes.com.br\\\/\",\"name\":\"Expresso Log\",\"description\":\"\",\"publisher\":{\"@id\":\"https:\\\/\\\/expressologtransportes.com.br\\\/#organization\"},\"potentialAction\":[{\"@type\":\"SearchAction\",\"target\":{\"@type\":\"EntryPoint\",\"urlTemplate\":\"https:\\\/\\\/expressologtransportes.com.br\\\/?s={search_term_string}\"},\"query-input\":{\"@type\":\"PropertyValueSpecification\",\"valueRequired\":true,\"valueName\":\"search_term_string\"}}],\"inLanguage\":\"en-US\"},{\"@type\":\"Organization\",\"@id\":\"https:\\\/\\\/expressologtransportes.com.br\\\/#organization\",\"name\":\"Expresso Log\",\"url\":\"https:\\\/\\\/expressologtransportes.com.br\\\/\",\"logo\":{\"@type\":\"ImageObject\",\"inLanguage\":\"en-US\",\"@id\":\"https:\\\/\\\/expressologtransportes.com.br\\\/#\\\/schema\\\/logo\\\/image\\\/\",\"url\":\"https:\\\/\\\/expressologtransportes.com.br\\\/wp-content\\\/uploads\\\/2023\\\/05\\\/cropped-expresso-transportadora1x.png\",\"contentUrl\":\"https:\\\/\\\/expressologtransportes.com.br\\\/wp-content\\\/uploads\\\/2023\\\/05\\\/cropped-expresso-transportadora1x.png\",\"width\":218,\"height\":43,\"caption\":\"Expresso Log\"},\"image\":{\"@id\":\"https:\\\/\\\/expressologtransportes.com.br\\\/#\\\/schema\\\/logo\\\/image\\\/\"},\"sameAs\":[\"https:\\\/\\\/www.instagram.com\\\/expresso.log\\\/\",\"https:\\\/\\\/www.linkedin.com\\\/company\\\/expresso-log-transportes-e-logstica\\\/mycompany\\\/\"]}]}<\/script>\n<!-- \/ Yoast SEO plugin. -->","yoast_head_json":{"title":"Tecnologia da Informa\u00e7\u00e3o - Expresso Log","description":"Nossa prioridade \u00e9 a excel\u00eancia no atendimento ao cliente oferecendo um atendimento personalizado com opera\u00e7\u00e3o full time","robots":{"index":"index","follow":"follow","max-snippet":"max-snippet:-1","max-image-preview":"max-image-preview:large","max-video-preview":"max-video-preview:-1"},"canonical":"https:\/\/expressologtransportes.com.br\/en\/tecnologia-da-informacao\/","og_locale":"en_US","og_type":"article","og_title":"Tecnologia da Informa\u00e7\u00e3o - Expresso Log","og_description":"Nossa prioridade \u00e9 a excel\u00eancia no atendimento ao cliente oferecendo um atendimento personalizado com opera\u00e7\u00e3o full time","og_url":"https:\/\/expressologtransportes.com.br\/en\/tecnologia-da-informacao\/","og_site_name":"Expresso Log","article_modified_time":"2025-07-21T19:50:57+00:00","og_image":[{"width":1920,"height":1280,"url":"https:\/\/expressologtransportes.com.br\/wp-content\/uploads\/2021\/12\/Bloco1-slides-1920px.jpg","type":"image\/jpeg"}],"twitter_card":"summary_large_image","twitter_misc":{"Est. reading time":"1 minute"},"schema":{"@context":"https:\/\/schema.org","@graph":[{"@type":"WebPage","@id":"https:\/\/expressologtransportes.com.br\/tecnologia-da-informacao\/","url":"https:\/\/expressologtransportes.com.br\/tecnologia-da-informacao\/","name":"Tecnologia da Informa\u00e7\u00e3o - Expresso Log","isPartOf":{"@id":"https:\/\/expressologtransportes.com.br\/#website"},"primaryImageOfPage":{"@id":"https:\/\/expressologtransportes.com.br\/tecnologia-da-informacao\/#primaryimage"},"image":{"@id":"https:\/\/expressologtransportes.com.br\/tecnologia-da-informacao\/#primaryimage"},"thumbnailUrl":"https:\/\/expressologtransportes.com.br\/wp-content\/uploads\/2021\/12\/Bloco1-slides-1920px.jpg","datePublished":"2023-06-26T18:17:17+00:00","dateModified":"2025-07-21T19:50:57+00:00","description":"Nossa prioridade \u00e9 a excel\u00eancia no atendimento ao cliente oferecendo um atendimento personalizado com opera\u00e7\u00e3o full time","breadcrumb":{"@id":"https:\/\/expressologtransportes.com.br\/tecnologia-da-informacao\/#breadcrumb"},"inLanguage":"en-US","potentialAction":[{"@type":"ReadAction","target":["https:\/\/expressologtransportes.com.br\/tecnologia-da-informacao\/"]}]},{"@type":"ImageObject","inLanguage":"en-US","@id":"https:\/\/expressologtransportes.com.br\/tecnologia-da-informacao\/#primaryimage","url":"https:\/\/expressologtransportes.com.br\/wp-content\/uploads\/2021\/12\/Bloco1-slides-1920px.jpg","contentUrl":"https:\/\/expressologtransportes.com.br\/wp-content\/uploads\/2021\/12\/Bloco1-slides-1920px.jpg"},{"@type":"BreadcrumbList","@id":"https:\/\/expressologtransportes.com.br\/tecnologia-da-informacao\/#breadcrumb","itemListElement":[{"@type":"ListItem","position":1,"name":"In\u00edcio","item":"https:\/\/expressologtransportes.com.br\/"},{"@type":"ListItem","position":2,"name":"Tecnologia da Informa\u00e7\u00e3o"}]},{"@type":"WebSite","@id":"https:\/\/expressologtransportes.com.br\/#website","url":"https:\/\/expressologtransportes.com.br\/","name":"Expresso Log","description":"","publisher":{"@id":"https:\/\/expressologtransportes.com.br\/#organization"},"potentialAction":[{"@type":"SearchAction","target":{"@type":"EntryPoint","urlTemplate":"https:\/\/expressologtransportes.com.br\/?s={search_term_string}"},"query-input":{"@type":"PropertyValueSpecification","valueRequired":true,"valueName":"search_term_string"}}],"inLanguage":"en-US"},{"@type":"Organization","@id":"https:\/\/expressologtransportes.com.br\/#organization","name":"Expresso Log","url":"https:\/\/expressologtransportes.com.br\/","logo":{"@type":"ImageObject","inLanguage":"en-US","@id":"https:\/\/expressologtransportes.com.br\/#\/schema\/logo\/image\/","url":"https:\/\/expressologtransportes.com.br\/wp-content\/uploads\/2023\/05\/cropped-expresso-transportadora1x.png","contentUrl":"https:\/\/expressologtransportes.com.br\/wp-content\/uploads\/2023\/05\/cropped-expresso-transportadora1x.png","width":218,"height":43,"caption":"Expresso Log"},"image":{"@id":"https:\/\/expressologtransportes.com.br\/#\/schema\/logo\/image\/"},"sameAs":["https:\/\/www.instagram.com\/expresso.log\/","https:\/\/www.linkedin.com\/company\/expresso-log-transportes-e-logstica\/mycompany\/"]}]}},"_links":{"self":[{"href":"https:\/\/expressologtransportes.com.br\/en\/wp-json\/wp\/v2\/pages\/3107","targetHints":{"allow":["GET"]}}],"collection":[{"href":"https:\/\/expressologtransportes.com.br\/en\/wp-json\/wp\/v2\/pages"}],"about":[{"href":"https:\/\/expressologtransportes.com.br\/en\/wp-json\/wp\/v2\/types\/page"}],"author":[{"embeddable":true,"href":"https:\/\/expressologtransportes.com.br\/en\/wp-json\/wp\/v2\/users\/1"}],"replies":[{"embeddable":true,"href":"https:\/\/expressologtransportes.com.br\/en\/wp-json\/wp\/v2\/comments?post=3107"}],"version-history":[{"count":22,"href":"https:\/\/expressologtransportes.com.br\/en\/wp-json\/wp\/v2\/pages\/3107\/revisions"}],"predecessor-version":[{"id":5073,"href":"https:\/\/expressologtransportes.com.br\/en\/wp-json\/wp\/v2\/pages\/3107\/revisions\/5073"}],"wp:attachment":[{"href":"https:\/\/expressologtransportes.com.br\/en\/wp-json\/wp\/v2\/media?parent=3107"}],"curies":[{"name":"wp","href":"https:\/\/api.w.org\/{rel}","templated":true}]}}