{"id":2861,"date":"2023-05-31T10:39:59","date_gmt":"2023-05-31T13:39:59","guid":{"rendered":"http:\/\/testemangue.com.br\/valber\/expressolog\/?page_id=2861"},"modified":"2023-09-21T14:08:01","modified_gmt":"2023-09-21T17:08:01","slug":"vagas-abertas","status":"publish","type":"page","link":"https:\/\/expressologtransportes.com.br\/en\/vagas-abertas\/","title":{"rendered":"Vagas Abertas"},"content":{"rendered":"<div data-elementor-type=\"wp-page\" data-elementor-id=\"2861\" class=\"elementor elementor-2861\">\n\t\t\t\t\t\t<section class=\"elementor-section elementor-top-section elementor-element elementor-element-a443298 elementor-section-boxed elementor-section-height-default elementor-section-height-default\" data-id=\"a443298\" data-element_type=\"section\">\n\t\t\t\t\t\t<div class=\"elementor-container elementor-column-gap-default\">\n\t\t\t\t\t<div class=\"elementor-column elementor-col-100 elementor-top-column elementor-element elementor-element-0f7d2fc\" data-id=\"0f7d2fc\" data-element_type=\"column\">\n\t\t\t<div class=\"elementor-widget-wrap elementor-element-populated\">\n\t\t\t\t\t\t<div class=\"elementor-element elementor-element-1f035b1 elementor-widget elementor-widget-heading bdevs-el heading\" data-id=\"1f035b1\" data-element_type=\"widget\" data-settings=\"{&quot;design_style&quot;:&quot;style_1&quot;}\" data-widget_type=\"heading.default\">\n\t\t\t\t<div class=\"elementor-widget-container\">\n\t\t\t\n        \n                            <div class=\"section-title-wrapper section-title-pl-55 bdevs-el-content\">\n                                            <span class=\"section-pre-title bdevs-el-subtitle\">Entre para o nosso time<\/span>\n                                        <h2 class=\"section-title bdevs-el-title  bdevs-el-btn\">Venha para a Expresso Log<\/h2>                                        <p>Gostaria de fazer parte do time da Expresso Log? Ent\u00e3o verifique abaixo as vagas dispon\u00edveis, clique no bot\u00e3o \"Candidate-se\" e boa sorte! <\/p>\n                                    <\/div>\n\n                    \n        \t\t<\/div>\n\t\t\t\t<\/div>\n\t\t\t\t<section class=\"elementor-section elementor-inner-section elementor-element elementor-element-3aeeee0 elementor-section-boxed elementor-section-height-default elementor-section-height-default\" data-id=\"3aeeee0\" data-element_type=\"section\">\n\t\t\t\t\t\t<div class=\"elementor-container elementor-column-gap-wider\">\n\t\t\t\t\t<div class=\"elementor-column elementor-col-33 elementor-inner-column elementor-element elementor-element-c1d1958 col-vagas\" data-id=\"c1d1958\" data-element_type=\"column\" data-settings=\"{&quot;background_background&quot;:&quot;classic&quot;}\">\n\t\t\t<div class=\"elementor-widget-wrap elementor-element-populated\">\n\t\t\t\t\t\t<div class=\"elementor-element elementor-element-c324424 titulo-vaga elementor-widget elementor-widget-heading bdevs-el heading\" data-id=\"c324424\" data-element_type=\"widget\" data-settings=\"{&quot;design_style&quot;:&quot;style_1&quot;}\" data-widget_type=\"heading.default\">\n\t\t\t\t<div class=\"elementor-widget-container\">\n\t\t\t\n        \n                            <div class=\"section-title-wrapper section-title-pl-55 bdevs-el-content\">\n                                        <h4 class=\"section-title bdevs-el-title  bdevs-el-btn\">Vaga 1<\/h4>                                    <\/div>\n\n                    \n        \t\t<\/div>\n\t\t\t\t<\/div>\n\t\t\t\t<div class=\"elementor-element elementor-element-cfb5391 elementor-widget elementor-widget-text-editor\" data-id=\"cfb5391\" data-element_type=\"widget\" data-widget_type=\"text-editor.default\">\n\t\t\t\t<div class=\"elementor-widget-container\">\n\t\t\t\t\t\t\t<p><strong>Prazo de candidatura:<\/strong> 20\/06\/2023<\/p>\t\t\t\t\t\t<\/div>\n\t\t\t\t<\/div>\n\t\t\t\t<div class=\"elementor-element elementor-element-d8b2efe elementor-widget elementor-widget-text-editor\" data-id=\"d8b2efe\" data-element_type=\"widget\" data-widget_type=\"text-editor.default\">\n\t\t\t\t<div class=\"elementor-widget-container\">\n\t\t\t\t\t\t\t<p><strong>Local de trabalho:<\/strong>\u00a0Betim<\/p>\t\t\t\t\t\t<\/div>\n\t\t\t\t<\/div>\n\t\t\t\t<div class=\"elementor-element elementor-element-e20761c elementor-widget elementor-widget-text-editor\" data-id=\"e20761c\" data-element_type=\"widget\" data-widget_type=\"text-editor.default\">\n\t\t\t\t<div class=\"elementor-widget-container\">\n\t\t\t\t\t\t\t<p><strong>Requisitos<\/strong>:<\/p><ul><li>Residir em Belo Horizonte e Regi\u00e3o Metropolitana<\/li><li>CNH B<\/li><li>EAR (Exerce atividade remunerada)<\/li><li>Experi\u00eancia com entregas<\/li><\/ul>\t\t\t\t\t\t<\/div>\n\t\t\t\t<\/div>\n\t\t\t\t<div class=\"elementor-element elementor-element-02dc23c elementor-widget elementor-widget-text-editor\" data-id=\"02dc23c\" data-element_type=\"widget\" data-widget_type=\"text-editor.default\">\n\t\t\t\t<div class=\"elementor-widget-container\">\n\t\t\t\t\t\t\t<p><strong>Atividades<\/strong>:<\/p><ul><li>Dire\u00e7\u00e3o da Van para entregas na Regi\u00e3o Metropolitana e viagens pr\u00f3ximas<\/li><\/ul>\t\t\t\t\t\t<\/div>\n\t\t\t\t<\/div>\n\t\t\t\t<div class=\"elementor-element elementor-element-3c49c12 elementor-widget elementor-widget-text-editor\" data-id=\"3c49c12\" data-element_type=\"widget\" data-widget_type=\"text-editor.default\">\n\t\t\t\t<div class=\"elementor-widget-container\">\n\t\t\t\t\t\t\t<p><strong>Benef\u00edcios<\/strong>:<\/p><ul><li>Di\u00e1ria de viagem;<\/li><li>Plano de Sa\u00fade;<\/li><li>Plano Odontol\u00f3gico;<\/li><li>Seguro de vida;<\/li><li>Vale combust\u00edvel.<\/li><li>Premia\u00e7\u00e3o<\/li><\/ul>\t\t\t\t\t\t<\/div>\n\t\t\t\t<\/div>\n\t\t\t\t<div class=\"elementor-element elementor-element-9f461eb elementor-widget elementor-widget-text-editor\" data-id=\"9f461eb\" data-element_type=\"widget\" data-widget_type=\"text-editor.default\">\n\t\t\t\t<div class=\"elementor-widget-container\">\n\t\t\t\t\t\t\t<p><strong>Favor enviar c\u00f3pia de CNH<\/strong><\/p>\t\t\t\t\t\t<\/div>\n\t\t\t\t<\/div>\n\t\t\t\t<div class=\"elementor-element elementor-element-3557ab8 elementor-align-center elementor-mobile-align-center elementor-widget elementor-widget-button\" data-id=\"3557ab8\" data-element_type=\"widget\" data-widget_type=\"button.default\">\n\t\t\t\t<div class=\"elementor-widget-container\">\n\t\t\t\t\t<div class=\"elementor-button-wrapper\">\n\t\t\t<a class=\"elementor-button elementor-button-link elementor-size-sm\" href=\"https:\/\/expressologtransportes.com.br\/en\/candidatar-se-a-vaga\/\">\n\t\t\t\t\t\t<span class=\"elementor-button-content-wrapper\">\n\t\t\t\t\t\t\t\t\t<span class=\"elementor-button-text\">Candidate-se<\/span>\n\t\t\t\t\t<\/span>\n\t\t\t\t\t<\/a>\n\t\t<\/div>\n\t\t\t\t<\/div>\n\t\t\t\t<\/div>\n\t\t\t\t\t<\/div>\n\t\t<\/div>\n\t\t\t\t<div class=\"elementor-column elementor-col-33 elementor-inner-column elementor-element elementor-element-3102387 col-vagas\" data-id=\"3102387\" data-element_type=\"column\" data-settings=\"{&quot;background_background&quot;:&quot;classic&quot;}\">\n\t\t\t<div class=\"elementor-widget-wrap elementor-element-populated\">\n\t\t\t\t\t\t<div class=\"elementor-element elementor-element-3b9d909 titulo-vaga elementor-widget elementor-widget-heading bdevs-el heading\" data-id=\"3b9d909\" data-element_type=\"widget\" data-settings=\"{&quot;design_style&quot;:&quot;style_1&quot;}\" data-widget_type=\"heading.default\">\n\t\t\t\t<div class=\"elementor-widget-container\">\n\t\t\t\n        \n                            <div class=\"section-title-wrapper section-title-pl-55 bdevs-el-content\">\n                                        <h4 class=\"section-title bdevs-el-title  bdevs-el-btn\">Vaga 2<\/h4>                                    <\/div>\n\n                    \n        \t\t<\/div>\n\t\t\t\t<\/div>\n\t\t\t\t<div class=\"elementor-element elementor-element-ab1fbf4 elementor-widget elementor-widget-text-editor\" data-id=\"ab1fbf4\" data-element_type=\"widget\" data-widget_type=\"text-editor.default\">\n\t\t\t\t<div class=\"elementor-widget-container\">\n\t\t\t\t\t\t\t<p><strong>Prazo de candidatura:<\/strong> 20\/06\/2023<\/p>\t\t\t\t\t\t<\/div>\n\t\t\t\t<\/div>\n\t\t\t\t<div class=\"elementor-element elementor-element-e4751ce elementor-widget elementor-widget-text-editor\" data-id=\"e4751ce\" data-element_type=\"widget\" data-widget_type=\"text-editor.default\">\n\t\t\t\t<div class=\"elementor-widget-container\">\n\t\t\t\t\t\t\t<p><strong>Local de trabalho:<\/strong>\u00a0Betim<\/p>\t\t\t\t\t\t<\/div>\n\t\t\t\t<\/div>\n\t\t\t\t<div class=\"elementor-element elementor-element-9f06c7a elementor-widget elementor-widget-text-editor\" data-id=\"9f06c7a\" data-element_type=\"widget\" data-widget_type=\"text-editor.default\">\n\t\t\t\t<div class=\"elementor-widget-container\">\n\t\t\t\t\t\t\t<p><strong>Requisitos<\/strong>:<\/p><ul><li>Residir em Belo Horizonte e Regi\u00e3o Metropolitana<\/li><li>CNH B<\/li><li>EAR (Exerce atividade remunerada)<\/li><li>Experi\u00eancia com entregas<\/li><\/ul>\t\t\t\t\t\t<\/div>\n\t\t\t\t<\/div>\n\t\t\t\t<div class=\"elementor-element elementor-element-e6e8f33 elementor-widget elementor-widget-text-editor\" data-id=\"e6e8f33\" data-element_type=\"widget\" data-widget_type=\"text-editor.default\">\n\t\t\t\t<div class=\"elementor-widget-container\">\n\t\t\t\t\t\t\t<p><strong>Atividades<\/strong>:<\/p><ul><li>Dire\u00e7\u00e3o da Van para entregas na Regi\u00e3o Metropolitana e viagens pr\u00f3ximas<\/li><\/ul>\t\t\t\t\t\t<\/div>\n\t\t\t\t<\/div>\n\t\t\t\t<div class=\"elementor-element elementor-element-ffcf950 elementor-widget elementor-widget-text-editor\" data-id=\"ffcf950\" data-element_type=\"widget\" data-widget_type=\"text-editor.default\">\n\t\t\t\t<div class=\"elementor-widget-container\">\n\t\t\t\t\t\t\t<p><strong>Benef\u00edcios<\/strong>:<\/p><ul><li>Di\u00e1ria de viagem;<\/li><li>Plano de Sa\u00fade;<\/li><li>Plano Odontol\u00f3gico;<\/li><li>Seguro de vida;<\/li><li>Vale combust\u00edvel.<\/li><li>Premia\u00e7\u00e3o<\/li><\/ul>\t\t\t\t\t\t<\/div>\n\t\t\t\t<\/div>\n\t\t\t\t<div class=\"elementor-element elementor-element-389d364 elementor-widget elementor-widget-text-editor\" data-id=\"389d364\" data-element_type=\"widget\" data-widget_type=\"text-editor.default\">\n\t\t\t\t<div class=\"elementor-widget-container\">\n\t\t\t\t\t\t\t<p><strong>Favor enviar c\u00f3pia de CNH<\/strong><\/p>\t\t\t\t\t\t<\/div>\n\t\t\t\t<\/div>\n\t\t\t\t<div class=\"elementor-element elementor-element-19e0ddb elementor-align-center elementor-mobile-align-center elementor-widget elementor-widget-button\" data-id=\"19e0ddb\" data-element_type=\"widget\" data-widget_type=\"button.default\">\n\t\t\t\t<div class=\"elementor-widget-container\">\n\t\t\t\t\t<div class=\"elementor-button-wrapper\">\n\t\t\t<a class=\"elementor-button elementor-button-link elementor-size-sm\" href=\"https:\/\/expressologtransportes.com.br\/en\/candidatar-se-a-vaga\/\">\n\t\t\t\t\t\t<span class=\"elementor-button-content-wrapper\">\n\t\t\t\t\t\t\t\t\t<span class=\"elementor-button-text\">Candidate-se<\/span>\n\t\t\t\t\t<\/span>\n\t\t\t\t\t<\/a>\n\t\t<\/div>\n\t\t\t\t<\/div>\n\t\t\t\t<\/div>\n\t\t\t\t\t<\/div>\n\t\t<\/div>\n\t\t\t\t<div class=\"elementor-column elementor-col-33 elementor-inner-column elementor-element elementor-element-a64601e col-vagas\" data-id=\"a64601e\" data-element_type=\"column\" data-settings=\"{&quot;background_background&quot;:&quot;classic&quot;}\">\n\t\t\t<div class=\"elementor-widget-wrap elementor-element-populated\">\n\t\t\t\t\t\t<div class=\"elementor-element elementor-element-843a26c titulo-vaga elementor-widget elementor-widget-heading bdevs-el heading\" data-id=\"843a26c\" data-element_type=\"widget\" data-settings=\"{&quot;design_style&quot;:&quot;style_1&quot;}\" data-widget_type=\"heading.default\">\n\t\t\t\t<div class=\"elementor-widget-container\">\n\t\t\t\n        \n                            <div class=\"section-title-wrapper section-title-pl-55 bdevs-el-content\">\n                                        <h4 class=\"section-title bdevs-el-title  bdevs-el-btn\">Vaga 3<\/h4>                                    <\/div>\n\n                    \n        \t\t<\/div>\n\t\t\t\t<\/div>\n\t\t\t\t<div class=\"elementor-element elementor-element-9a22177 elementor-widget elementor-widget-text-editor\" data-id=\"9a22177\" data-element_type=\"widget\" data-widget_type=\"text-editor.default\">\n\t\t\t\t<div class=\"elementor-widget-container\">\n\t\t\t\t\t\t\t<p><strong>Prazo de candidatura:<\/strong> 20\/06\/2023<\/p>\t\t\t\t\t\t<\/div>\n\t\t\t\t<\/div>\n\t\t\t\t<div class=\"elementor-element elementor-element-3038be5 elementor-widget elementor-widget-text-editor\" data-id=\"3038be5\" data-element_type=\"widget\" data-widget_type=\"text-editor.default\">\n\t\t\t\t<div class=\"elementor-widget-container\">\n\t\t\t\t\t\t\t<p><strong>Local de trabalho:<\/strong>\u00a0Betim<\/p>\t\t\t\t\t\t<\/div>\n\t\t\t\t<\/div>\n\t\t\t\t<div class=\"elementor-element elementor-element-298f010 elementor-widget elementor-widget-text-editor\" data-id=\"298f010\" data-element_type=\"widget\" data-widget_type=\"text-editor.default\">\n\t\t\t\t<div class=\"elementor-widget-container\">\n\t\t\t\t\t\t\t<p><strong>Requisitos<\/strong>:<\/p><ul><li>Residir em Belo Horizonte e Regi\u00e3o Metropolitana<\/li><li>CNH B<\/li><li>EAR (Exerce atividade remunerada)<\/li><li>Experi\u00eancia com entregas<\/li><\/ul>\t\t\t\t\t\t<\/div>\n\t\t\t\t<\/div>\n\t\t\t\t<div class=\"elementor-element elementor-element-66454cf elementor-widget elementor-widget-text-editor\" data-id=\"66454cf\" data-element_type=\"widget\" data-widget_type=\"text-editor.default\">\n\t\t\t\t<div class=\"elementor-widget-container\">\n\t\t\t\t\t\t\t<p><strong>Atividades<\/strong>:<\/p><ul><li>Dire\u00e7\u00e3o da Van para entregas na Regi\u00e3o Metropolitana e viagens pr\u00f3ximas<\/li><\/ul>\t\t\t\t\t\t<\/div>\n\t\t\t\t<\/div>\n\t\t\t\t<div class=\"elementor-element elementor-element-208240d elementor-widget elementor-widget-text-editor\" data-id=\"208240d\" data-element_type=\"widget\" data-widget_type=\"text-editor.default\">\n\t\t\t\t<div class=\"elementor-widget-container\">\n\t\t\t\t\t\t\t<p><strong>Benef\u00edcios<\/strong>:<\/p><ul><li>Di\u00e1ria de viagem;<\/li><li>Plano de Sa\u00fade;<\/li><li>Plano Odontol\u00f3gico;<\/li><li>Seguro de vida;<\/li><li>Vale combust\u00edvel.<\/li><li>Premia\u00e7\u00e3o<\/li><\/ul>\t\t\t\t\t\t<\/div>\n\t\t\t\t<\/div>\n\t\t\t\t<div class=\"elementor-element elementor-element-61fb204 elementor-widget elementor-widget-text-editor\" data-id=\"61fb204\" data-element_type=\"widget\" data-widget_type=\"text-editor.default\">\n\t\t\t\t<div class=\"elementor-widget-container\">\n\t\t\t\t\t\t\t<p><strong>Favor enviar c\u00f3pia de CNH<\/strong><\/p>\t\t\t\t\t\t<\/div>\n\t\t\t\t<\/div>\n\t\t\t\t<div class=\"elementor-element elementor-element-3676cce elementor-align-center elementor-mobile-align-center elementor-widget elementor-widget-button\" data-id=\"3676cce\" data-element_type=\"widget\" data-widget_type=\"button.default\">\n\t\t\t\t<div class=\"elementor-widget-container\">\n\t\t\t\t\t<div class=\"elementor-button-wrapper\">\n\t\t\t<a class=\"elementor-button elementor-button-link elementor-size-sm\" href=\"https:\/\/expressologtransportes.com.br\/en\/candidatar-se-a-vaga\/\">\n\t\t\t\t\t\t<span class=\"elementor-button-content-wrapper\">\n\t\t\t\t\t\t\t\t\t<span class=\"elementor-button-text\">Candidate-se<\/span>\n\t\t\t\t\t<\/span>\n\t\t\t\t\t<\/a>\n\t\t<\/div>\n\t\t\t\t<\/div>\n\t\t\t\t<\/div>\n\t\t\t\t\t<\/div>\n\t\t<\/div>\n\t\t\t\t\t<\/div>\n\t\t<\/section>\n\t\t\t\t\t<\/div>\n\t\t<\/div>\n\t\t\t\t\t<\/div>\n\t\t<\/section>\n\t\t\t\t<section class=\"elementor-section elementor-top-section elementor-element elementor-element-6f48ae5 elementor-section-boxed elementor-section-height-default elementor-section-height-default\" data-id=\"6f48ae5\" data-element_type=\"section\">\n\t\t\t\t\t\t<div class=\"elementor-container elementor-column-gap-extended\">\n\t\t\t\t\t<div class=\"elementor-column elementor-col-33 elementor-top-column elementor-element elementor-element-fa88f13\" data-id=\"fa88f13\" data-element_type=\"column\">\n\t\t\t<div class=\"elementor-widget-wrap\">\n\t\t\t\t\t\t\t<\/div>\n\t\t<\/div>\n\t\t\t\t<div class=\"elementor-column elementor-col-33 elementor-top-column elementor-element elementor-element-4ba6ce9\" data-id=\"4ba6ce9\" data-element_type=\"column\">\n\t\t\t<div class=\"elementor-widget-wrap elementor-element-populated\">\n\t\t\t\t\t\t<div class=\"elementor-element elementor-element-0aa6fda elementor-widget elementor-widget-heading bdevs-el heading\" data-id=\"0aa6fda\" data-element_type=\"widget\" data-settings=\"{&quot;design_style&quot;:&quot;style_1&quot;}\" data-widget_type=\"heading.default\">\n\t\t\t\t<div class=\"elementor-widget-container\">\n\t\t\t\n        \n                            <div class=\"section-title-wrapper section-title-pl-55 bdevs-el-content\">\n                                        <h4 class=\"section-title bdevs-el-title  bdevs-el-btn\">Seja um dos nossos parceiros<\/h4>                                    <\/div>\n\n                    \n        \t\t<\/div>\n\t\t\t\t<\/div>\n\t\t\t\t<div class=\"elementor-element elementor-element-3b5f87b elementor-align-center elementor-mobile-align-center elementor-widget elementor-widget-button\" data-id=\"3b5f87b\" data-element_type=\"widget\" data-widget_type=\"button.default\">\n\t\t\t\t<div class=\"elementor-widget-container\">\n\t\t\t\t\t<div class=\"elementor-button-wrapper\">\n\t\t\t<a class=\"elementor-button elementor-button-link elementor-size-md\" href=\"https:\/\/expressologtransportes.com.br\/en\/seja-um-agregado\/\">\n\t\t\t\t\t\t<span class=\"elementor-button-content-wrapper\">\n\t\t\t\t\t\t\t\t\t<span class=\"elementor-button-text\">Seja um Agregado<\/span>\n\t\t\t\t\t<\/span>\n\t\t\t\t\t<\/a>\n\t\t<\/div>\n\t\t\t\t<\/div>\n\t\t\t\t<\/div>\n\t\t\t\t\t<\/div>\n\t\t<\/div>\n\t\t\t\t<div class=\"elementor-column elementor-col-33 elementor-top-column elementor-element elementor-element-5ec58c9\" data-id=\"5ec58c9\" data-element_type=\"column\">\n\t\t\t<div class=\"elementor-widget-wrap\">\n\t\t\t\t\t\t\t<\/div>\n\t\t<\/div>\n\t\t\t\t\t<\/div>\n\t\t<\/section>\n\t\t\t\t<\/div>","protected":false},"excerpt":{"rendered":"<p>Entre para o nosso time Venha para a Expresso Log Gostaria de fazer parte do time da Expresso Log? Ent\u00e3o verifique abaixo as vagas dispon\u00edveis, clique no bot\u00e3o &#8220;Candidate-se&#8221; e boa sorte! Vaga 1 Prazo de candidatura: 20\/06\/2023 Local de trabalho:\u00a0Betim Requisitos: Residir em Belo Horizonte e Regi\u00e3o Metropolitana CNH B EAR (Exerce atividade remunerada) [&hellip;]<\/p>","protected":false},"author":1,"featured_media":0,"parent":0,"menu_order":0,"comment_status":"closed","ping_status":"closed","template":"elementor_header_footer","meta":{"_acf_changed":false,"footnotes":""},"class_list":["post-2861","page","type-page","status-publish","hentry"],"acf":[],"yoast_head":"<!-- This site is optimized with the Yoast SEO plugin v27.5 - https:\/\/yoast.com\/product\/yoast-seo-wordpress\/ -->\n<title>Vagas Abertas - Expresso Log<\/title>\n<meta name=\"description\" content=\"Quer fazer parte do time Expresso Log? Ent\u00e3o clique aqui, consulte as nossa vagas dispon\u00edveis e boa sorte.\" \/>\n<meta name=\"robots\" content=\"index, follow, max-snippet:-1, max-image-preview:large, max-video-preview:-1\" \/>\n<link rel=\"canonical\" href=\"https:\/\/expressologtransportes.com.br\/en\/vagas-abertas\/\" \/>\n<meta property=\"og:locale\" content=\"en_US\" \/>\n<meta property=\"og:type\" content=\"article\" \/>\n<meta property=\"og:title\" content=\"Vagas Abertas - Expresso Log\" \/>\n<meta property=\"og:description\" content=\"Quer fazer parte do time Expresso Log? Ent\u00e3o clique aqui, consulte as nossa vagas dispon\u00edveis e boa sorte.\" \/>\n<meta property=\"og:url\" content=\"https:\/\/expressologtransportes.com.br\/en\/vagas-abertas\/\" \/>\n<meta property=\"og:site_name\" content=\"Expresso Log\" \/>\n<meta property=\"article:modified_time\" content=\"2023-09-21T17:08:01+00:00\" \/>\n<meta name=\"twitter:card\" content=\"summary_large_image\" \/>\n<meta name=\"twitter:label1\" content=\"Est. reading time\" \/>\n\t<meta name=\"twitter:data1\" content=\"2 minutes\" \/>\n<script type=\"application\/ld+json\" class=\"yoast-schema-graph\">{\"@context\":\"https:\\\/\\\/schema.org\",\"@graph\":[{\"@type\":\"WebPage\",\"@id\":\"https:\\\/\\\/expressologtransportes.com.br\\\/vagas-abertas\\\/\",\"url\":\"https:\\\/\\\/expressologtransportes.com.br\\\/vagas-abertas\\\/\",\"name\":\"Vagas Abertas - Expresso Log\",\"isPartOf\":{\"@id\":\"https:\\\/\\\/expressologtransportes.com.br\\\/#website\"},\"datePublished\":\"2023-05-31T13:39:59+00:00\",\"dateModified\":\"2023-09-21T17:08:01+00:00\",\"description\":\"Quer fazer parte do time Expresso Log? Ent\u00e3o clique aqui, consulte as nossa vagas dispon\u00edveis e boa sorte.\",\"breadcrumb\":{\"@id\":\"https:\\\/\\\/expressologtransportes.com.br\\\/vagas-abertas\\\/#breadcrumb\"},\"inLanguage\":\"en-US\",\"potentialAction\":[{\"@type\":\"ReadAction\",\"target\":[\"https:\\\/\\\/expressologtransportes.com.br\\\/vagas-abertas\\\/\"]}]},{\"@type\":\"BreadcrumbList\",\"@id\":\"https:\\\/\\\/expressologtransportes.com.br\\\/vagas-abertas\\\/#breadcrumb\",\"itemListElement\":[{\"@type\":\"ListItem\",\"position\":1,\"name\":\"In\u00edcio\",\"item\":\"https:\\\/\\\/expressologtransportes.com.br\\\/\"},{\"@type\":\"ListItem\",\"position\":2,\"name\":\"Vagas Abertas\"}]},{\"@type\":\"WebSite\",\"@id\":\"https:\\\/\\\/expressologtransportes.com.br\\\/#website\",\"url\":\"https:\\\/\\\/expressologtransportes.com.br\\\/\",\"name\":\"Expresso Log\",\"description\":\"\",\"publisher\":{\"@id\":\"https:\\\/\\\/expressologtransportes.com.br\\\/#organization\"},\"potentialAction\":[{\"@type\":\"SearchAction\",\"target\":{\"@type\":\"EntryPoint\",\"urlTemplate\":\"https:\\\/\\\/expressologtransportes.com.br\\\/?s={search_term_string}\"},\"query-input\":{\"@type\":\"PropertyValueSpecification\",\"valueRequired\":true,\"valueName\":\"search_term_string\"}}],\"inLanguage\":\"en-US\"},{\"@type\":\"Organization\",\"@id\":\"https:\\\/\\\/expressologtransportes.com.br\\\/#organization\",\"name\":\"Expresso Log\",\"url\":\"https:\\\/\\\/expressologtransportes.com.br\\\/\",\"logo\":{\"@type\":\"ImageObject\",\"inLanguage\":\"en-US\",\"@id\":\"https:\\\/\\\/expressologtransportes.com.br\\\/#\\\/schema\\\/logo\\\/image\\\/\",\"url\":\"https:\\\/\\\/expressologtransportes.com.br\\\/wp-content\\\/uploads\\\/2023\\\/05\\\/cropped-expresso-transportadora1x.png\",\"contentUrl\":\"https:\\\/\\\/expressologtransportes.com.br\\\/wp-content\\\/uploads\\\/2023\\\/05\\\/cropped-expresso-transportadora1x.png\",\"width\":218,\"height\":43,\"caption\":\"Expresso Log\"},\"image\":{\"@id\":\"https:\\\/\\\/expressologtransportes.com.br\\\/#\\\/schema\\\/logo\\\/image\\\/\"},\"sameAs\":[\"https:\\\/\\\/www.instagram.com\\\/expresso.log\\\/\",\"https:\\\/\\\/www.linkedin.com\\\/company\\\/expresso-log-transportes-e-logstica\\\/mycompany\\\/\"]}]}<\/script>\n<!-- \/ Yoast SEO plugin. -->","yoast_head_json":{"title":"Vagas Abertas - Expresso Log","description":"Quer fazer parte do time Expresso Log? Ent\u00e3o clique aqui, consulte as nossa vagas dispon\u00edveis e boa sorte.","robots":{"index":"index","follow":"follow","max-snippet":"max-snippet:-1","max-image-preview":"max-image-preview:large","max-video-preview":"max-video-preview:-1"},"canonical":"https:\/\/expressologtransportes.com.br\/en\/vagas-abertas\/","og_locale":"en_US","og_type":"article","og_title":"Vagas Abertas - Expresso Log","og_description":"Quer fazer parte do time Expresso Log? Ent\u00e3o clique aqui, consulte as nossa vagas dispon\u00edveis e boa sorte.","og_url":"https:\/\/expressologtransportes.com.br\/en\/vagas-abertas\/","og_site_name":"Expresso Log","article_modified_time":"2023-09-21T17:08:01+00:00","twitter_card":"summary_large_image","twitter_misc":{"Est. reading time":"2 minutes"},"schema":{"@context":"https:\/\/schema.org","@graph":[{"@type":"WebPage","@id":"https:\/\/expressologtransportes.com.br\/vagas-abertas\/","url":"https:\/\/expressologtransportes.com.br\/vagas-abertas\/","name":"Vagas Abertas - Expresso Log","isPartOf":{"@id":"https:\/\/expressologtransportes.com.br\/#website"},"datePublished":"2023-05-31T13:39:59+00:00","dateModified":"2023-09-21T17:08:01+00:00","description":"Quer fazer parte do time Expresso Log? Ent\u00e3o clique aqui, consulte as nossa vagas dispon\u00edveis e boa sorte.","breadcrumb":{"@id":"https:\/\/expressologtransportes.com.br\/vagas-abertas\/#breadcrumb"},"inLanguage":"en-US","potentialAction":[{"@type":"ReadAction","target":["https:\/\/expressologtransportes.com.br\/vagas-abertas\/"]}]},{"@type":"BreadcrumbList","@id":"https:\/\/expressologtransportes.com.br\/vagas-abertas\/#breadcrumb","itemListElement":[{"@type":"ListItem","position":1,"name":"In\u00edcio","item":"https:\/\/expressologtransportes.com.br\/"},{"@type":"ListItem","position":2,"name":"Vagas Abertas"}]},{"@type":"WebSite","@id":"https:\/\/expressologtransportes.com.br\/#website","url":"https:\/\/expressologtransportes.com.br\/","name":"Expresso Log","description":"","publisher":{"@id":"https:\/\/expressologtransportes.com.br\/#organization"},"potentialAction":[{"@type":"SearchAction","target":{"@type":"EntryPoint","urlTemplate":"https:\/\/expressologtransportes.com.br\/?s={search_term_string}"},"query-input":{"@type":"PropertyValueSpecification","valueRequired":true,"valueName":"search_term_string"}}],"inLanguage":"en-US"},{"@type":"Organization","@id":"https:\/\/expressologtransportes.com.br\/#organization","name":"Expresso Log","url":"https:\/\/expressologtransportes.com.br\/","logo":{"@type":"ImageObject","inLanguage":"en-US","@id":"https:\/\/expressologtransportes.com.br\/#\/schema\/logo\/image\/","url":"https:\/\/expressologtransportes.com.br\/wp-content\/uploads\/2023\/05\/cropped-expresso-transportadora1x.png","contentUrl":"https:\/\/expressologtransportes.com.br\/wp-content\/uploads\/2023\/05\/cropped-expresso-transportadora1x.png","width":218,"height":43,"caption":"Expresso Log"},"image":{"@id":"https:\/\/expressologtransportes.com.br\/#\/schema\/logo\/image\/"},"sameAs":["https:\/\/www.instagram.com\/expresso.log\/","https:\/\/www.linkedin.com\/company\/expresso-log-transportes-e-logstica\/mycompany\/"]}]}},"_links":{"self":[{"href":"https:\/\/expressologtransportes.com.br\/en\/wp-json\/wp\/v2\/pages\/2861","targetHints":{"allow":["GET"]}}],"collection":[{"href":"https:\/\/expressologtransportes.com.br\/en\/wp-json\/wp\/v2\/pages"}],"about":[{"href":"https:\/\/expressologtransportes.com.br\/en\/wp-json\/wp\/v2\/types\/page"}],"author":[{"embeddable":true,"href":"https:\/\/expressologtransportes.com.br\/en\/wp-json\/wp\/v2\/users\/1"}],"replies":[{"embeddable":true,"href":"https:\/\/expressologtransportes.com.br\/en\/wp-json\/wp\/v2\/comments?post=2861"}],"version-history":[{"count":25,"href":"https:\/\/expressologtransportes.com.br\/en\/wp-json\/wp\/v2\/pages\/2861\/revisions"}],"predecessor-version":[{"id":3814,"href":"https:\/\/expressologtransportes.com.br\/en\/wp-json\/wp\/v2\/pages\/2861\/revisions\/3814"}],"wp:attachment":[{"href":"https:\/\/expressologtransportes.com.br\/en\/wp-json\/wp\/v2\/media?parent=2861"}],"curies":[{"name":"wp","href":"https:\/\/api.w.org\/{rel}","templated":true}]}}