{"id":2854,"date":"2023-05-31T10:24:47","date_gmt":"2023-05-31T13:24:47","guid":{"rendered":"http:\/\/testemangue.com.br\/valber\/expressolog\/?page_id=2854"},"modified":"2023-05-31T10:34:36","modified_gmt":"2023-05-31T13:34:36","slug":"candidatar-se-a-vaga","status":"publish","type":"page","link":"https:\/\/expressologtransportes.com.br\/en\/candidatar-se-a-vaga\/","title":{"rendered":"Candidatar-se a Vaga"},"content":{"rendered":"<div data-elementor-type=\"wp-page\" data-elementor-id=\"2854\" class=\"elementor elementor-2854\">\n\t\t\t\t\t\t<section class=\"elementor-section elementor-top-section elementor-element elementor-element-a443298 elementor-section-boxed elementor-section-height-default elementor-section-height-default\" data-id=\"a443298\" data-element_type=\"section\">\n\t\t\t\t\t\t<div class=\"elementor-container elementor-column-gap-default\">\n\t\t\t\t\t<div class=\"elementor-column elementor-col-33 elementor-top-column elementor-element elementor-element-54bf2a0\" data-id=\"54bf2a0\" data-element_type=\"column\">\n\t\t\t<div class=\"elementor-widget-wrap\">\n\t\t\t\t\t\t\t<\/div>\n\t\t<\/div>\n\t\t\t\t<div class=\"elementor-column elementor-col-33 elementor-top-column elementor-element elementor-element-0f7d2fc\" data-id=\"0f7d2fc\" data-element_type=\"column\">\n\t\t\t<div class=\"elementor-widget-wrap elementor-element-populated\">\n\t\t\t\t\t\t<div class=\"elementor-element elementor-element-1f035b1 elementor-widget elementor-widget-heading bdevs-el heading\" data-id=\"1f035b1\" data-element_type=\"widget\" data-settings=\"{&quot;design_style&quot;:&quot;style_1&quot;}\" data-widget_type=\"heading.default\">\n\t\t\t\t<div class=\"elementor-widget-container\">\n\t\t\t\n        \n                            <div class=\"section-title-wrapper section-title-pl-55 bdevs-el-content\">\n                                            <span class=\"section-pre-title bdevs-el-subtitle\">Entre para o nosso time<\/span>\n                                        <h2 class=\"section-title bdevs-el-title  bdevs-el-btn\">Venha para a Expresso Log<\/h2>                                        <p>Gostaria de fazer parte do time da Expresso Log? Ent\u00e3o preencha o formul\u00e1rio abaixo anexando o seu curr\u00edculo e documentos necess\u00e1rios, aguarde o nosso contato e boa sorte! <\/p>\n                                    <\/div>\n\n                    \n        \t\t<\/div>\n\t\t\t\t<\/div>\n\t\t\t\t<div class=\"elementor-element elementor-element-fda0765 elementor-widget elementor-widget-cf7 bdevs-el cf7\" data-id=\"fda0765\" data-element_type=\"widget\" data-settings=\"{&quot;design_style&quot;:&quot;style_1&quot;}\" data-widget_type=\"cf7.default\">\n\t\t\t\t<div class=\"elementor-widget-container\">\n\t\t\t                 <!-- contact form area  -->\n        <div class=\"contact-form\">\n            <div class=\"contact-form-inner\">\n                <div class=\"container\">\n                    <div class=\"row wow fadeInUp2\">\n                                                <div class=\"col-xl-12\">\n                            <div class=\"sd-form tmd-form\">\n                                 \n<div class=\"wpcf7 no-js\" id=\"wpcf7-f2856-o1\" lang=\"en-US\" dir=\"ltr\" data-wpcf7-id=\"2856\">\n<div class=\"screen-reader-response\"><p role=\"status\" aria-live=\"polite\" aria-atomic=\"true\"><\/p> <ul><\/ul><\/div>\n<form action=\"\/en\/wp-json\/wp\/v2\/pages\/2854#wpcf7-f2856-o1\" method=\"post\" class=\"wpcf7-form init bdevs-cf7-form\" aria-label=\"Contact form\" enctype=\"multipart\/form-data\" novalidate=\"novalidate\" data-status=\"init\" data-trp-original-action=\"\/en\/wp-json\/wp\/v2\/pages\/2854#wpcf7-f2856-o1\">\n<fieldset class=\"hidden-fields-container\"><input type=\"hidden\" name=\"_wpcf7\" value=\"2856\" \/><input type=\"hidden\" name=\"_wpcf7_version\" value=\"6.1.1\" \/><input type=\"hidden\" name=\"_wpcf7_locale\" value=\"en_US\" \/><input type=\"hidden\" name=\"_wpcf7_unit_tag\" value=\"wpcf7-f2856-o1\" \/><input type=\"hidden\" name=\"_wpcf7_container_post\" value=\"0\" \/><input type=\"hidden\" name=\"_wpcf7_posted_data_hash\" value=\"\" \/><input type=\"hidden\" name=\"_wpcf7_recaptcha_response\" value=\"\" \/>\n<\/fieldset>\n<div class=\"input-field\">\n\t<p><span class=\"wpcf7-form-control-wrap\" data-name=\"your-name\"><input size=\"40\" maxlength=\"400\" class=\"wpcf7-form-control wpcf7-text\" aria-invalid=\"false\" placeholder=\"Nome\" value=\"\" type=\"text\" name=\"your-name\" \/><\/span>\n\t<\/p>\n<\/div>\n<div class=\"input-field\">\n\t<p><span class=\"wpcf7-form-control-wrap\" data-name=\"your-email\"><input size=\"40\" maxlength=\"400\" class=\"wpcf7-form-control wpcf7-email wpcf7-text wpcf7-validates-as-email\" aria-invalid=\"false\" placeholder=\"E-mail\" value=\"\" type=\"email\" name=\"your-email\" \/><\/span>\n\t<\/p>\n<\/div>\n<div class=\"input-field\">\n\t<p><span class=\"wpcf7-form-control-wrap\" data-name=\"telefone\"><input size=\"40\" maxlength=\"400\" class=\"wpcf7-form-control wpcf7-tel wpcf7-validates-as-required wpcf7-text wpcf7-validates-as-tel\" aria-required=\"true\" aria-invalid=\"false\" placeholder=\"WhatsApp\" value=\"\" type=\"tel\" name=\"telefone\" \/><\/span>\n\t<\/p>\n<\/div>\n<div class=\"input-field\">\n\t<p><span class=\"wpcf7-form-control-wrap\" data-name=\"vaga\"><select class=\"wpcf7-form-control wpcf7-select wpcf7-validates-as-required\" aria-required=\"true\" aria-invalid=\"false\" name=\"vaga\"><option value=\"Selecione a Vaga\">Selecione a Vaga<\/option><option value=\"Motorista de Carreta\">Motorista de Carreta<\/option><option value=\"Motorista de Truck\">Motorista de Truck<\/option><option value=\"Ajudante de carga e descarga\">Ajudante de carga e descarga<\/option><option value=\"L\u00edder de Armaz\u00e9m\">L\u00edder de Armaz\u00e9m<\/option><\/select><\/span>\n\t<\/p>\n<\/div>\n<div class=\"input-field\">\n\t<p><label>Anexe o seu curr\u00edculo<\/label><br \/>\n<span class=\"wpcf7-form-control-wrap\" data-name=\"file-251\"><input size=\"40\" class=\"wpcf7-form-control wpcf7-file\" accept=\".jpg,.jpeg,.png,.docx,.pdf\" aria-invalid=\"false\" type=\"file\" name=\"file-251\" \/><\/span>\n\t<\/p>\n<\/div>\n<div class=\"input-field\">\n\t<p><label>Anexe c\u00f3pia dos seus documentos<\/label><br \/>\n<span class=\"wpcf7-form-control-wrap\" data-name=\"file-251\"><input size=\"40\" class=\"wpcf7-form-control wpcf7-file\" accept=\".jpg,.jpeg,.png,.docx,.pdf\" aria-invalid=\"false\" type=\"file\" name=\"file-251\" \/><\/span>\n\t<\/p>\n<\/div>\n<div class=\"input-field\">\n\t<p><span class=\"wpcf7-form-control-wrap\" data-name=\"your-message\"><textarea cols=\"40\" rows=\"10\" maxlength=\"2000\" class=\"wpcf7-form-control wpcf7-textarea message\" id=\"message2\" aria-invalid=\"false\" placeholder=\"Informa\u00e7\u00f5es adicionais\" name=\"your-message\"><\/textarea><\/span>\n\t<\/p>\n<\/div>\n<div class=\"input-field\" style=\"margin-bottom: 20px;\">\n\t<p><small>Ao clicar em \"Enviar\" eu aceito enviar meus dados para a Expresso Log Transportes e Log\u00edstica<\/small>\n\t<\/p>\n<\/div>\n<p><button type=\"submit\" clas=\"shutter-btn\">ENVIAR<\/button>\n<\/p><p style=\"display: none !important;\" class=\"akismet-fields-container\" data-prefix=\"_wpcf7_ak_\"><label>&#916;<textarea name=\"_wpcf7_ak_hp_textarea\" cols=\"45\" rows=\"8\" maxlength=\"100\"><\/textarea><\/label><input type=\"hidden\" id=\"ak_js_1\" name=\"_wpcf7_ak_js\" value=\"210\"\/><script type=\"text\/javascript\">\n\/* <![CDATA[ *\/\ndocument.getElementById( \"ak_js_1\" ).setAttribute( \"value\", ( new Date() ).getTime() );\n\/* ]]> *\/\n<\/script>\n<\/p><div class=\"wpcf7-response-output\" aria-hidden=\"true\"><\/div>\n<input type=\"hidden\" name=\"trp-form-language\" value=\"en\"\/><\/form>\n<\/div>\n                            <\/div>\n                        <\/div>\n                    <\/div>\n                <\/div>\n            <\/div>\n        <\/div>\n        <!-- contact form end -->\n    \n\n        \t\t<\/div>\n\t\t\t\t<\/div>\n\t\t\t\t\t<\/div>\n\t\t<\/div>\n\t\t\t\t<div class=\"elementor-column elementor-col-33 elementor-top-column elementor-element elementor-element-3e6d074\" data-id=\"3e6d074\" data-element_type=\"column\">\n\t\t\t<div class=\"elementor-widget-wrap\">\n\t\t\t\t\t\t\t<\/div>\n\t\t<\/div>\n\t\t\t\t\t<\/div>\n\t\t<\/section>\n\t\t\t\t<\/div>","protected":false},"excerpt":{"rendered":"<p>Entre para o nosso time Venha para a Expresso Log Gostaria de fazer parte do time da Expresso Log? Ent\u00e3o preencha o formul\u00e1rio abaixo anexando o seu curr\u00edculo e documentos necess\u00e1rios, aguarde o nosso contato e boa sorte! Anexe o seu curr\u00edculo Anexe c\u00f3pia dos seus documentos Ao clicar em &#8220;Enviar&#8221; eu aceito enviar meus [&hellip;]<\/p>","protected":false},"author":1,"featured_media":0,"parent":0,"menu_order":0,"comment_status":"closed","ping_status":"closed","template":"elementor_header_footer","meta":{"_acf_changed":false,"footnotes":""},"class_list":["post-2854","page","type-page","status-publish","hentry"],"acf":[],"yoast_head":"<!-- This site is optimized with the Yoast SEO plugin v27.5 - https:\/\/yoast.com\/product\/yoast-seo-wordpress\/ -->\n<title>Candidatar-se a Vaga - Expresso Log<\/title>\n<meta name=\"description\" content=\"Quer fazer parte do time Expresso Log? Ent\u00e3o clique aqui, candidate-se \u00e0 vaga e boa sorte.\" \/>\n<meta name=\"robots\" content=\"index, follow, max-snippet:-1, max-image-preview:large, max-video-preview:-1\" \/>\n<link rel=\"canonical\" href=\"https:\/\/expressologtransportes.com.br\/en\/candidatar-se-a-vaga\/\" \/>\n<meta property=\"og:locale\" content=\"en_US\" \/>\n<meta property=\"og:type\" content=\"article\" \/>\n<meta property=\"og:title\" content=\"Candidatar-se a Vaga - Expresso Log\" \/>\n<meta property=\"og:description\" content=\"Quer fazer parte do time Expresso Log? Ent\u00e3o clique aqui, candidate-se \u00e0 vaga e boa sorte.\" \/>\n<meta property=\"og:url\" content=\"https:\/\/expressologtransportes.com.br\/en\/candidatar-se-a-vaga\/\" \/>\n<meta property=\"og:site_name\" content=\"Expresso Log\" \/>\n<meta property=\"article:modified_time\" content=\"2023-05-31T13:34:36+00:00\" \/>\n<meta name=\"twitter:card\" content=\"summary_large_image\" \/>\n<meta name=\"twitter:label1\" content=\"Est. reading time\" \/>\n\t<meta name=\"twitter:data1\" content=\"1 minute\" \/>\n<script type=\"application\/ld+json\" class=\"yoast-schema-graph\">{\"@context\":\"https:\\\/\\\/schema.org\",\"@graph\":[{\"@type\":\"WebPage\",\"@id\":\"https:\\\/\\\/expressologtransportes.com.br\\\/candidatar-se-a-vaga\\\/\",\"url\":\"https:\\\/\\\/expressologtransportes.com.br\\\/candidatar-se-a-vaga\\\/\",\"name\":\"Candidatar-se a Vaga - Expresso Log\",\"isPartOf\":{\"@id\":\"https:\\\/\\\/expressologtransportes.com.br\\\/#website\"},\"datePublished\":\"2023-05-31T13:24:47+00:00\",\"dateModified\":\"2023-05-31T13:34:36+00:00\",\"description\":\"Quer fazer parte do time Expresso Log? Ent\u00e3o clique aqui, candidate-se \u00e0 vaga e boa sorte.\",\"breadcrumb\":{\"@id\":\"https:\\\/\\\/expressologtransportes.com.br\\\/candidatar-se-a-vaga\\\/#breadcrumb\"},\"inLanguage\":\"en-US\",\"potentialAction\":[{\"@type\":\"ReadAction\",\"target\":[\"https:\\\/\\\/expressologtransportes.com.br\\\/candidatar-se-a-vaga\\\/\"]}]},{\"@type\":\"BreadcrumbList\",\"@id\":\"https:\\\/\\\/expressologtransportes.com.br\\\/candidatar-se-a-vaga\\\/#breadcrumb\",\"itemListElement\":[{\"@type\":\"ListItem\",\"position\":1,\"name\":\"In\u00edcio\",\"item\":\"https:\\\/\\\/expressologtransportes.com.br\\\/\"},{\"@type\":\"ListItem\",\"position\":2,\"name\":\"Candidatar-se a Vaga\"}]},{\"@type\":\"WebSite\",\"@id\":\"https:\\\/\\\/expressologtransportes.com.br\\\/#website\",\"url\":\"https:\\\/\\\/expressologtransportes.com.br\\\/\",\"name\":\"Expresso Log\",\"description\":\"\",\"publisher\":{\"@id\":\"https:\\\/\\\/expressologtransportes.com.br\\\/#organization\"},\"potentialAction\":[{\"@type\":\"SearchAction\",\"target\":{\"@type\":\"EntryPoint\",\"urlTemplate\":\"https:\\\/\\\/expressologtransportes.com.br\\\/?s={search_term_string}\"},\"query-input\":{\"@type\":\"PropertyValueSpecification\",\"valueRequired\":true,\"valueName\":\"search_term_string\"}}],\"inLanguage\":\"en-US\"},{\"@type\":\"Organization\",\"@id\":\"https:\\\/\\\/expressologtransportes.com.br\\\/#organization\",\"name\":\"Expresso Log\",\"url\":\"https:\\\/\\\/expressologtransportes.com.br\\\/\",\"logo\":{\"@type\":\"ImageObject\",\"inLanguage\":\"en-US\",\"@id\":\"https:\\\/\\\/expressologtransportes.com.br\\\/#\\\/schema\\\/logo\\\/image\\\/\",\"url\":\"https:\\\/\\\/expressologtransportes.com.br\\\/wp-content\\\/uploads\\\/2023\\\/05\\\/cropped-expresso-transportadora1x.png\",\"contentUrl\":\"https:\\\/\\\/expressologtransportes.com.br\\\/wp-content\\\/uploads\\\/2023\\\/05\\\/cropped-expresso-transportadora1x.png\",\"width\":218,\"height\":43,\"caption\":\"Expresso Log\"},\"image\":{\"@id\":\"https:\\\/\\\/expressologtransportes.com.br\\\/#\\\/schema\\\/logo\\\/image\\\/\"},\"sameAs\":[\"https:\\\/\\\/www.instagram.com\\\/expresso.log\\\/\",\"https:\\\/\\\/www.linkedin.com\\\/company\\\/expresso-log-transportes-e-logstica\\\/mycompany\\\/\"]}]}<\/script>\n<!-- \/ Yoast SEO plugin. -->","yoast_head_json":{"title":"Candidatar-se a Vaga - Expresso Log","description":"Quer fazer parte do time Expresso Log? Ent\u00e3o clique aqui, candidate-se \u00e0 vaga e boa sorte.","robots":{"index":"index","follow":"follow","max-snippet":"max-snippet:-1","max-image-preview":"max-image-preview:large","max-video-preview":"max-video-preview:-1"},"canonical":"https:\/\/expressologtransportes.com.br\/en\/candidatar-se-a-vaga\/","og_locale":"en_US","og_type":"article","og_title":"Candidatar-se a Vaga - Expresso Log","og_description":"Quer fazer parte do time Expresso Log? Ent\u00e3o clique aqui, candidate-se \u00e0 vaga e boa sorte.","og_url":"https:\/\/expressologtransportes.com.br\/en\/candidatar-se-a-vaga\/","og_site_name":"Expresso Log","article_modified_time":"2023-05-31T13:34:36+00:00","twitter_card":"summary_large_image","twitter_misc":{"Est. reading time":"1 minute"},"schema":{"@context":"https:\/\/schema.org","@graph":[{"@type":"WebPage","@id":"https:\/\/expressologtransportes.com.br\/candidatar-se-a-vaga\/","url":"https:\/\/expressologtransportes.com.br\/candidatar-se-a-vaga\/","name":"Candidatar-se a Vaga - Expresso Log","isPartOf":{"@id":"https:\/\/expressologtransportes.com.br\/#website"},"datePublished":"2023-05-31T13:24:47+00:00","dateModified":"2023-05-31T13:34:36+00:00","description":"Quer fazer parte do time Expresso Log? Ent\u00e3o clique aqui, candidate-se \u00e0 vaga e boa sorte.","breadcrumb":{"@id":"https:\/\/expressologtransportes.com.br\/candidatar-se-a-vaga\/#breadcrumb"},"inLanguage":"en-US","potentialAction":[{"@type":"ReadAction","target":["https:\/\/expressologtransportes.com.br\/candidatar-se-a-vaga\/"]}]},{"@type":"BreadcrumbList","@id":"https:\/\/expressologtransportes.com.br\/candidatar-se-a-vaga\/#breadcrumb","itemListElement":[{"@type":"ListItem","position":1,"name":"In\u00edcio","item":"https:\/\/expressologtransportes.com.br\/"},{"@type":"ListItem","position":2,"name":"Candidatar-se a Vaga"}]},{"@type":"WebSite","@id":"https:\/\/expressologtransportes.com.br\/#website","url":"https:\/\/expressologtransportes.com.br\/","name":"Expresso Log","description":"","publisher":{"@id":"https:\/\/expressologtransportes.com.br\/#organization"},"potentialAction":[{"@type":"SearchAction","target":{"@type":"EntryPoint","urlTemplate":"https:\/\/expressologtransportes.com.br\/?s={search_term_string}"},"query-input":{"@type":"PropertyValueSpecification","valueRequired":true,"valueName":"search_term_string"}}],"inLanguage":"en-US"},{"@type":"Organization","@id":"https:\/\/expressologtransportes.com.br\/#organization","name":"Expresso Log","url":"https:\/\/expressologtransportes.com.br\/","logo":{"@type":"ImageObject","inLanguage":"en-US","@id":"https:\/\/expressologtransportes.com.br\/#\/schema\/logo\/image\/","url":"https:\/\/expressologtransportes.com.br\/wp-content\/uploads\/2023\/05\/cropped-expresso-transportadora1x.png","contentUrl":"https:\/\/expressologtransportes.com.br\/wp-content\/uploads\/2023\/05\/cropped-expresso-transportadora1x.png","width":218,"height":43,"caption":"Expresso Log"},"image":{"@id":"https:\/\/expressologtransportes.com.br\/#\/schema\/logo\/image\/"},"sameAs":["https:\/\/www.instagram.com\/expresso.log\/","https:\/\/www.linkedin.com\/company\/expresso-log-transportes-e-logstica\/mycompany\/"]}]}},"_links":{"self":[{"href":"https:\/\/expressologtransportes.com.br\/en\/wp-json\/wp\/v2\/pages\/2854","targetHints":{"allow":["GET"]}}],"collection":[{"href":"https:\/\/expressologtransportes.com.br\/en\/wp-json\/wp\/v2\/pages"}],"about":[{"href":"https:\/\/expressologtransportes.com.br\/en\/wp-json\/wp\/v2\/types\/page"}],"author":[{"embeddable":true,"href":"https:\/\/expressologtransportes.com.br\/en\/wp-json\/wp\/v2\/users\/1"}],"replies":[{"embeddable":true,"href":"https:\/\/expressologtransportes.com.br\/en\/wp-json\/wp\/v2\/comments?post=2854"}],"version-history":[{"count":5,"href":"https:\/\/expressologtransportes.com.br\/en\/wp-json\/wp\/v2\/pages\/2854\/revisions"}],"predecessor-version":[{"id":2860,"href":"https:\/\/expressologtransportes.com.br\/en\/wp-json\/wp\/v2\/pages\/2854\/revisions\/2860"}],"wp:attachment":[{"href":"https:\/\/expressologtransportes.com.br\/en\/wp-json\/wp\/v2\/media?parent=2854"}],"curies":[{"name":"wp","href":"https:\/\/api.w.org\/{rel}","templated":true}]}}