{"id":2822,"date":"2023-05-31T09:51:08","date_gmt":"2023-05-31T12:51:08","guid":{"rendered":"http:\/\/testemangue.com.br\/valber\/expressolog\/?page_id=2822"},"modified":"2023-05-31T10:13:14","modified_gmt":"2023-05-31T13:13:14","slug":"seja-um-agregado","status":"publish","type":"page","link":"https:\/\/expressologtransportes.com.br\/en\/seja-um-agregado\/","title":{"rendered":"Seja um Agregado"},"content":{"rendered":"<div data-elementor-type=\"wp-page\" data-elementor-id=\"2822\" class=\"elementor elementor-2822\">\n\t\t\t\t\t\t<section class=\"elementor-section elementor-top-section elementor-element elementor-element-a443298 elementor-section-boxed elementor-section-height-default elementor-section-height-default\" data-id=\"a443298\" data-element_type=\"section\">\n\t\t\t\t\t\t<div class=\"elementor-container elementor-column-gap-default\">\n\t\t\t\t\t<div class=\"elementor-column elementor-col-33 elementor-top-column elementor-element elementor-element-54bf2a0\" data-id=\"54bf2a0\" data-element_type=\"column\">\n\t\t\t<div class=\"elementor-widget-wrap\">\n\t\t\t\t\t\t\t<\/div>\n\t\t<\/div>\n\t\t\t\t<div class=\"elementor-column elementor-col-33 elementor-top-column elementor-element elementor-element-0f7d2fc\" data-id=\"0f7d2fc\" data-element_type=\"column\">\n\t\t\t<div class=\"elementor-widget-wrap elementor-element-populated\">\n\t\t\t\t\t\t<div class=\"elementor-element elementor-element-1f035b1 elementor-widget elementor-widget-heading bdevs-el heading\" data-id=\"1f035b1\" data-element_type=\"widget\" data-settings=\"{&quot;design_style&quot;:&quot;style_1&quot;}\" data-widget_type=\"heading.default\">\n\t\t\t\t<div class=\"elementor-widget-container\">\n\t\t\t\n        \n                            <div class=\"section-title-wrapper section-title-pl-55 bdevs-el-content\">\n                                            <span class=\"section-pre-title bdevs-el-subtitle\">Seja um dos nossos Parceiros<\/span>\n                                        <h2 class=\"section-title bdevs-el-title  bdevs-el-btn\">Fa\u00e7a parte da Expresso Log<\/h2>                                        <p>Gostaria de fazer parte do time da Expresso Log? Ent\u00e3o preencha o formul\u00e1rio abaixo com todos os seus dados e aguarde o nosso contato <\/p>\n                                    <\/div>\n\n                    \n        \t\t<\/div>\n\t\t\t\t<\/div>\n\t\t\t\t<div class=\"elementor-element elementor-element-fda0765 elementor-widget elementor-widget-cf7 bdevs-el cf7\" data-id=\"fda0765\" data-element_type=\"widget\" data-settings=\"{&quot;design_style&quot;:&quot;style_1&quot;}\" data-widget_type=\"cf7.default\">\n\t\t\t\t<div class=\"elementor-widget-container\">\n\t\t\t                 <!-- contact form area  -->\n        <div class=\"contact-form\">\n            <div class=\"contact-form-inner\">\n                <div class=\"container\">\n                    <div class=\"row wow fadeInUp2\">\n                                                <div class=\"col-xl-12\">\n                            <div class=\"sd-form tmd-form\">\n                                 \n<div class=\"wpcf7 no-js\" id=\"wpcf7-f2823-o1\" lang=\"en-US\" dir=\"ltr\" data-wpcf7-id=\"2823\">\n<div class=\"screen-reader-response\"><p role=\"status\" aria-live=\"polite\" aria-atomic=\"true\"><\/p> <ul><\/ul><\/div>\n<form action=\"\/en\/wp-json\/wp\/v2\/pages\/2822#wpcf7-f2823-o1\" method=\"post\" class=\"wpcf7-form init bdevs-cf7-form\" aria-label=\"Contact form\" novalidate=\"novalidate\" data-status=\"init\" data-trp-original-action=\"\/en\/wp-json\/wp\/v2\/pages\/2822#wpcf7-f2823-o1\">\n<fieldset class=\"hidden-fields-container\"><input type=\"hidden\" name=\"_wpcf7\" value=\"2823\" \/><input type=\"hidden\" name=\"_wpcf7_version\" value=\"6.1.1\" \/><input type=\"hidden\" name=\"_wpcf7_locale\" value=\"en_US\" \/><input type=\"hidden\" name=\"_wpcf7_unit_tag\" value=\"wpcf7-f2823-o1\" \/><input type=\"hidden\" name=\"_wpcf7_container_post\" value=\"0\" \/><input type=\"hidden\" name=\"_wpcf7_posted_data_hash\" value=\"\" \/><input type=\"hidden\" name=\"_wpcf7_recaptcha_response\" value=\"\" \/>\n<\/fieldset>\n<div class=\"input-field\">\n\t<p><span class=\"wpcf7-form-control-wrap\" data-name=\"your-name\"><input size=\"40\" maxlength=\"400\" class=\"wpcf7-form-control wpcf7-text\" aria-invalid=\"false\" placeholder=\"Nome completo\" value=\"\" type=\"text\" name=\"your-name\" \/><\/span>\n\t<\/p>\n<\/div>\n<div class=\"input-field\">\n\t<p><span class=\"wpcf7-form-control-wrap\" data-name=\"your-email\"><input size=\"40\" maxlength=\"400\" class=\"wpcf7-form-control wpcf7-email wpcf7-text wpcf7-validates-as-email\" aria-invalid=\"false\" placeholder=\"E-mail\" value=\"\" type=\"email\" name=\"your-email\" \/><\/span>\n\t<\/p>\n<\/div>\n<div class=\"input-field\">\n\t<p><span class=\"wpcf7-form-control-wrap\" data-name=\"telefone\"><input size=\"40\" maxlength=\"400\" class=\"wpcf7-form-control wpcf7-tel wpcf7-validates-as-required wpcf7-text wpcf7-validates-as-tel\" aria-required=\"true\" aria-invalid=\"false\" placeholder=\"Telefone\" value=\"\" type=\"tel\" name=\"telefone\" \/><\/span>\n\t<\/p>\n<\/div>\n<div class=\"input-field\">\n\t<p><span class=\"wpcf7-form-control-wrap\" data-name=\"estado\"><select class=\"wpcf7-form-control wpcf7-select wpcf7-validates-as-required\" aria-required=\"true\" aria-invalid=\"false\" name=\"estado\"><option value=\"Selecione seu estado\">Selecione seu estado<\/option><option value=\"AC\">AC<\/option><option value=\"AL\">AL<\/option><option value=\"AP\">AP<\/option><option value=\"AM\">AM<\/option><option value=\"BA\">BA<\/option><option value=\"CE\">CE<\/option><option value=\"DF\">DF<\/option><option value=\"ES\">ES<\/option><option value=\"GO\">GO<\/option><option value=\"MA\">MA<\/option><option value=\"MT\">MT<\/option><option value=\"MS\">MS<\/option><option value=\"MG\">MG<\/option><option value=\"PA\">PA<\/option><option value=\"PB\">PB<\/option><option value=\"PR\">PR<\/option><option value=\"PE\">PE<\/option><option value=\"PI\">PI<\/option><option value=\"RJ\">RJ<\/option><option value=\"RN\">RN<\/option><option value=\"RS\">RS<\/option><option value=\"RO\">RO<\/option><option value=\"RR\">RR<\/option><option value=\"SC\">SC<\/option><option value=\"SP\">SP<\/option><option value=\"SE\">SE<\/option><option value=\"TO\">TO<\/option><\/select><\/span>\n\t<\/p>\n<\/div>\n<div class=\"input-field\">\n\t<p><span class=\"wpcf7-form-control-wrap\" data-name=\"veiculo\"><select class=\"wpcf7-form-control wpcf7-select wpcf7-validates-as-required\" aria-required=\"true\" aria-invalid=\"false\" name=\"veiculo\"><option value=\"Selecione seu ve\u00edculo\">Selecione seu ve\u00edculo<\/option><option value=\"Van\">Van<\/option><option value=\"3\/4\">3\/4<\/option><option value=\"HR\">HR<\/option><option value=\"VUC\">VUC<\/option><option value=\"Carreta\">Carreta<\/option><option value=\"Caminh\u00e3o Toco\">Caminh\u00e3o Toco<\/option><option value=\"Caminh\u00e3o Truck\">Caminh\u00e3o Truck<\/option><option value=\"Cavalo mec\u00e2nico Toco\">Cavalo mec\u00e2nico Toco<\/option><option value=\"Cavalo mec\u00e2nico Truck\">Cavalo mec\u00e2nico Truck<\/option><option value=\"Conjuntos\">Conjuntos<\/option><\/select><\/span>\n\t<\/p>\n<\/div>\n<div class=\"input-field\">\n\t<p><span class=\"wpcf7-form-control-wrap\" data-name=\"your-message\"><textarea cols=\"40\" rows=\"10\" maxlength=\"2000\" class=\"wpcf7-form-control wpcf7-textarea message\" id=\"message2\" aria-invalid=\"false\" placeholder=\"Informa\u00e7\u00f5es adicionais\" name=\"your-message\"><\/textarea><\/span>\n\t<\/p>\n<\/div>\n<div class=\"input-field\" style=\"margin-bottom: 20px;\">\n\t<p><small>Ao clicar em \"Enviar\" eu aceito enviar meus dados para a Expresso Log Transportes e Log\u00edstica<\/small>\n\t<\/p>\n<\/div>\n<p><button type=\"submit\" clas=\"shutter-btn\">ENVIAR<\/button>\n<\/p><p style=\"display: none !important;\" class=\"akismet-fields-container\" data-prefix=\"_wpcf7_ak_\"><label>&#916;<textarea name=\"_wpcf7_ak_hp_textarea\" cols=\"45\" rows=\"8\" maxlength=\"100\"><\/textarea><\/label><input type=\"hidden\" id=\"ak_js_1\" name=\"_wpcf7_ak_js\" value=\"107\"\/><script type=\"text\/javascript\">\n\/* <![CDATA[ *\/\ndocument.getElementById( \"ak_js_1\" ).setAttribute( \"value\", ( new Date() ).getTime() );\n\/* ]]> *\/\n<\/script>\n<\/p><div class=\"wpcf7-response-output\" aria-hidden=\"true\"><\/div>\n<input type=\"hidden\" name=\"trp-form-language\" value=\"en\"\/><\/form>\n<\/div>\n                            <\/div>\n                        <\/div>\n                    <\/div>\n                <\/div>\n            <\/div>\n        <\/div>\n        <!-- contact form end -->\n    \n\n        \t\t<\/div>\n\t\t\t\t<\/div>\n\t\t\t\t\t<\/div>\n\t\t<\/div>\n\t\t\t\t<div class=\"elementor-column elementor-col-33 elementor-top-column elementor-element elementor-element-3e6d074\" data-id=\"3e6d074\" data-element_type=\"column\">\n\t\t\t<div class=\"elementor-widget-wrap\">\n\t\t\t\t\t\t\t<\/div>\n\t\t<\/div>\n\t\t\t\t\t<\/div>\n\t\t<\/section>\n\t\t\t\t<\/div>","protected":false},"excerpt":{"rendered":"<p>Seja um dos nossos Parceiros Fa\u00e7a parte da Expresso Log Gostaria de fazer parte do time da Expresso Log? Ent\u00e3o preencha o formul\u00e1rio abaixo com todos os seus dados e aguarde o nosso contato Selecione seu estadoACALAPAMBACEDFESGOMAMTMSMGPAPBPRPEPIRJRNRSRORRSCSPSETO Selecione seu ve\u00edculoVan3\/4HRVUCCarretaCaminh\u00e3o TocoCaminh\u00e3o TruckCavalo mec\u00e2nico TocoCavalo mec\u00e2nico TruckConjuntos Ao clicar em &#8220;Enviar&#8221; eu aceito enviar meus dados [&hellip;]<\/p>","protected":false},"author":1,"featured_media":0,"parent":0,"menu_order":0,"comment_status":"closed","ping_status":"closed","template":"elementor_header_footer","meta":{"_acf_changed":false,"footnotes":""},"class_list":["post-2822","page","type-page","status-publish","hentry"],"acf":[],"yoast_head":"<!-- This site is optimized with the Yoast SEO plugin v27.5 - https:\/\/yoast.com\/product\/yoast-seo-wordpress\/ -->\n<title>Seja um Agregado - Expresso Log<\/title>\n<meta name=\"description\" content=\"Quer fazer parte do time Expresso Log? Ent\u00e3o clique aqui e envie agora mesmo os seus dados e seja um parceiro.\" \/>\n<meta name=\"robots\" content=\"index, follow, max-snippet:-1, max-image-preview:large, max-video-preview:-1\" \/>\n<link rel=\"canonical\" href=\"https:\/\/expressologtransportes.com.br\/en\/seja-um-agregado\/\" \/>\n<meta property=\"og:locale\" content=\"en_US\" \/>\n<meta property=\"og:type\" content=\"article\" \/>\n<meta property=\"og:title\" content=\"Seja um Agregado - Expresso Log\" \/>\n<meta property=\"og:description\" content=\"Quer fazer parte do time Expresso Log? Ent\u00e3o clique aqui e envie agora mesmo os seus dados e seja um parceiro.\" \/>\n<meta property=\"og:url\" content=\"https:\/\/expressologtransportes.com.br\/en\/seja-um-agregado\/\" \/>\n<meta property=\"og:site_name\" content=\"Expresso Log\" \/>\n<meta property=\"article:modified_time\" content=\"2023-05-31T13:13:14+00:00\" \/>\n<meta name=\"twitter:card\" content=\"summary_large_image\" \/>\n<meta name=\"twitter:label1\" content=\"Est. reading time\" \/>\n\t<meta name=\"twitter:data1\" content=\"1 minute\" \/>\n<script type=\"application\/ld+json\" class=\"yoast-schema-graph\">{\"@context\":\"https:\\\/\\\/schema.org\",\"@graph\":[{\"@type\":\"WebPage\",\"@id\":\"https:\\\/\\\/expressologtransportes.com.br\\\/seja-um-agregado\\\/\",\"url\":\"https:\\\/\\\/expressologtransportes.com.br\\\/seja-um-agregado\\\/\",\"name\":\"Seja um Agregado - Expresso Log\",\"isPartOf\":{\"@id\":\"https:\\\/\\\/expressologtransportes.com.br\\\/#website\"},\"datePublished\":\"2023-05-31T12:51:08+00:00\",\"dateModified\":\"2023-05-31T13:13:14+00:00\",\"description\":\"Quer fazer parte do time Expresso Log? Ent\u00e3o clique aqui e envie agora mesmo os seus dados e seja um parceiro.\",\"breadcrumb\":{\"@id\":\"https:\\\/\\\/expressologtransportes.com.br\\\/seja-um-agregado\\\/#breadcrumb\"},\"inLanguage\":\"en-US\",\"potentialAction\":[{\"@type\":\"ReadAction\",\"target\":[\"https:\\\/\\\/expressologtransportes.com.br\\\/seja-um-agregado\\\/\"]}]},{\"@type\":\"BreadcrumbList\",\"@id\":\"https:\\\/\\\/expressologtransportes.com.br\\\/seja-um-agregado\\\/#breadcrumb\",\"itemListElement\":[{\"@type\":\"ListItem\",\"position\":1,\"name\":\"In\u00edcio\",\"item\":\"https:\\\/\\\/expressologtransportes.com.br\\\/\"},{\"@type\":\"ListItem\",\"position\":2,\"name\":\"Seja um Agregado\"}]},{\"@type\":\"WebSite\",\"@id\":\"https:\\\/\\\/expressologtransportes.com.br\\\/#website\",\"url\":\"https:\\\/\\\/expressologtransportes.com.br\\\/\",\"name\":\"Expresso Log\",\"description\":\"\",\"publisher\":{\"@id\":\"https:\\\/\\\/expressologtransportes.com.br\\\/#organization\"},\"potentialAction\":[{\"@type\":\"SearchAction\",\"target\":{\"@type\":\"EntryPoint\",\"urlTemplate\":\"https:\\\/\\\/expressologtransportes.com.br\\\/?s={search_term_string}\"},\"query-input\":{\"@type\":\"PropertyValueSpecification\",\"valueRequired\":true,\"valueName\":\"search_term_string\"}}],\"inLanguage\":\"en-US\"},{\"@type\":\"Organization\",\"@id\":\"https:\\\/\\\/expressologtransportes.com.br\\\/#organization\",\"name\":\"Expresso Log\",\"url\":\"https:\\\/\\\/expressologtransportes.com.br\\\/\",\"logo\":{\"@type\":\"ImageObject\",\"inLanguage\":\"en-US\",\"@id\":\"https:\\\/\\\/expressologtransportes.com.br\\\/#\\\/schema\\\/logo\\\/image\\\/\",\"url\":\"https:\\\/\\\/expressologtransportes.com.br\\\/wp-content\\\/uploads\\\/2023\\\/05\\\/cropped-expresso-transportadora1x.png\",\"contentUrl\":\"https:\\\/\\\/expressologtransportes.com.br\\\/wp-content\\\/uploads\\\/2023\\\/05\\\/cropped-expresso-transportadora1x.png\",\"width\":218,\"height\":43,\"caption\":\"Expresso Log\"},\"image\":{\"@id\":\"https:\\\/\\\/expressologtransportes.com.br\\\/#\\\/schema\\\/logo\\\/image\\\/\"},\"sameAs\":[\"https:\\\/\\\/www.instagram.com\\\/expresso.log\\\/\",\"https:\\\/\\\/www.linkedin.com\\\/company\\\/expresso-log-transportes-e-logstica\\\/mycompany\\\/\"]}]}<\/script>\n<!-- \/ Yoast SEO plugin. -->","yoast_head_json":{"title":"Seja um Agregado - Expresso Log","description":"Quer fazer parte do time Expresso Log? Ent\u00e3o clique aqui e envie agora mesmo os seus dados e seja um parceiro.","robots":{"index":"index","follow":"follow","max-snippet":"max-snippet:-1","max-image-preview":"max-image-preview:large","max-video-preview":"max-video-preview:-1"},"canonical":"https:\/\/expressologtransportes.com.br\/en\/seja-um-agregado\/","og_locale":"en_US","og_type":"article","og_title":"Seja um Agregado - Expresso Log","og_description":"Quer fazer parte do time Expresso Log? Ent\u00e3o clique aqui e envie agora mesmo os seus dados e seja um parceiro.","og_url":"https:\/\/expressologtransportes.com.br\/en\/seja-um-agregado\/","og_site_name":"Expresso Log","article_modified_time":"2023-05-31T13:13:14+00:00","twitter_card":"summary_large_image","twitter_misc":{"Est. reading time":"1 minute"},"schema":{"@context":"https:\/\/schema.org","@graph":[{"@type":"WebPage","@id":"https:\/\/expressologtransportes.com.br\/seja-um-agregado\/","url":"https:\/\/expressologtransportes.com.br\/seja-um-agregado\/","name":"Seja um Agregado - Expresso Log","isPartOf":{"@id":"https:\/\/expressologtransportes.com.br\/#website"},"datePublished":"2023-05-31T12:51:08+00:00","dateModified":"2023-05-31T13:13:14+00:00","description":"Quer fazer parte do time Expresso Log? Ent\u00e3o clique aqui e envie agora mesmo os seus dados e seja um parceiro.","breadcrumb":{"@id":"https:\/\/expressologtransportes.com.br\/seja-um-agregado\/#breadcrumb"},"inLanguage":"en-US","potentialAction":[{"@type":"ReadAction","target":["https:\/\/expressologtransportes.com.br\/seja-um-agregado\/"]}]},{"@type":"BreadcrumbList","@id":"https:\/\/expressologtransportes.com.br\/seja-um-agregado\/#breadcrumb","itemListElement":[{"@type":"ListItem","position":1,"name":"In\u00edcio","item":"https:\/\/expressologtransportes.com.br\/"},{"@type":"ListItem","position":2,"name":"Seja um Agregado"}]},{"@type":"WebSite","@id":"https:\/\/expressologtransportes.com.br\/#website","url":"https:\/\/expressologtransportes.com.br\/","name":"Expresso Log","description":"","publisher":{"@id":"https:\/\/expressologtransportes.com.br\/#organization"},"potentialAction":[{"@type":"SearchAction","target":{"@type":"EntryPoint","urlTemplate":"https:\/\/expressologtransportes.com.br\/?s={search_term_string}"},"query-input":{"@type":"PropertyValueSpecification","valueRequired":true,"valueName":"search_term_string"}}],"inLanguage":"en-US"},{"@type":"Organization","@id":"https:\/\/expressologtransportes.com.br\/#organization","name":"Expresso Log","url":"https:\/\/expressologtransportes.com.br\/","logo":{"@type":"ImageObject","inLanguage":"en-US","@id":"https:\/\/expressologtransportes.com.br\/#\/schema\/logo\/image\/","url":"https:\/\/expressologtransportes.com.br\/wp-content\/uploads\/2023\/05\/cropped-expresso-transportadora1x.png","contentUrl":"https:\/\/expressologtransportes.com.br\/wp-content\/uploads\/2023\/05\/cropped-expresso-transportadora1x.png","width":218,"height":43,"caption":"Expresso Log"},"image":{"@id":"https:\/\/expressologtransportes.com.br\/#\/schema\/logo\/image\/"},"sameAs":["https:\/\/www.instagram.com\/expresso.log\/","https:\/\/www.linkedin.com\/company\/expresso-log-transportes-e-logstica\/mycompany\/"]}]}},"_links":{"self":[{"href":"https:\/\/expressologtransportes.com.br\/en\/wp-json\/wp\/v2\/pages\/2822","targetHints":{"allow":["GET"]}}],"collection":[{"href":"https:\/\/expressologtransportes.com.br\/en\/wp-json\/wp\/v2\/pages"}],"about":[{"href":"https:\/\/expressologtransportes.com.br\/en\/wp-json\/wp\/v2\/types\/page"}],"author":[{"embeddable":true,"href":"https:\/\/expressologtransportes.com.br\/en\/wp-json\/wp\/v2\/users\/1"}],"replies":[{"embeddable":true,"href":"https:\/\/expressologtransportes.com.br\/en\/wp-json\/wp\/v2\/comments?post=2822"}],"version-history":[{"count":7,"href":"https:\/\/expressologtransportes.com.br\/en\/wp-json\/wp\/v2\/pages\/2822\/revisions"}],"predecessor-version":[{"id":2848,"href":"https:\/\/expressologtransportes.com.br\/en\/wp-json\/wp\/v2\/pages\/2822\/revisions\/2848"}],"wp:attachment":[{"href":"https:\/\/expressologtransportes.com.br\/en\/wp-json\/wp\/v2\/media?parent=2822"}],"curies":[{"name":"wp","href":"https:\/\/api.w.org\/{rel}","templated":true}]}}